{"id":467,"date":"2015-02-03T15:32:36","date_gmt":"2015-02-03T15:32:36","guid":{"rendered":"https:\/\/www.glengarriffnaturereserve.ie\/stair\/"},"modified":"2023-09-01T14:03:31","modified_gmt":"2023-09-01T14:03:31","slug":"stair","status":"publish","type":"page","link":"https:\/\/www.glengarriffnaturereserve.ie\/ga\/stair\/","title":{"rendered":"Stair"},"content":{"rendered":"<h2>Stair Anaclann D\u00falra Choill an Ghleanna Ghairbh<\/h2>\n<p>Ag dt\u00fas an 17\u00fa haois, bh\u00ed na coillearnacha timpeall ar an nGleann Garbh fairsing, agus is faoina bhfoscadh a chuaigh O\u2019Sullivan Bear amach lena lucht lean\u00fana go luath in 1602 ar a mh\u00e1irse\u00e1il fhada chun deora\u00edocht i Liatroim tar \u00e9is chliseadh arm na nGael ag Cath Chionn tS\u00e1ile.<\/p>\n<p>Sa ch\u00e9ad leath den 18\u00fa haois rinneadh barrscoitheadh adhmaid chun gualach a th\u00e1irgeadh don bhruithneoir iarainn \u00e1iti\u00fail. Sa bhliain 1751 bh\u00ed na coillte mar chuid d&#8217;east\u00e1t mhuintir White, \u00fain\u00e9ir\u00ed Theach Bheanntra\u00ed. Go luath san ocht\u00fa c\u00e9ad d\u00e9ag th\u00f3g muintir White l\u00f3iste seilge ceann tu\u00ed i l\u00e1r na gcoillte, bhunaigh siad p\u00e1irc fianna agus d\u2019fhostaigh siad maor g\u00e9im. Le linn mhaoirseacht White is cos\u00fail go raibh na coillte cosanta \u00f3 shaothr\u00fa den chuid is m\u00f3 agus tugann taifid chomhaimseartha le fios nach ndearnadh na coillte riamh a scriosadh ar n\u00f3s go leor coillte eile in \u00c9irinn.<\/p>\n<p>Rinne muintir White roinnt pland\u00e1la foraoiseachta. Mar shampla, chuir Dara Iarla Bheanntra\u00ed p\u00e9ine Albanach (a allmhair\u00edodh as Albain) sa bhliain 1857 agus chuir an 4\u00fa hIarla 7 heicte\u00e1r eile sa bhliain 1887. T\u00e1 cuid de na p\u00e9ine Albanacha a chuir siad f\u00f3s le feice\u00e1il inniu.<\/p>\n<p>Sa bhliain 1955, fuair an st\u00e1t 380ha de na coillte chun cr\u00edocha foraoiseacht tr\u00e1cht\u00e1la agus cuireadh buairc\u00ednigh go forleathan agus leagadh go leor de na daracha is sine n\u00f3 gearradh f\u00e1inne orthu. Sna 1970id\u00ed, aithn\u00edodh luach caomhantais na limist\u00e9ar darach a bh\u00ed f\u00e1gtha agus cuireadh an moladh maidir le hAnaclann D\u00falra chun cinn. Sa bhliain 1991, ainmn\u00edodh 301 heicte\u00e1r faoi dheireadh mar Anaclann D\u00falra, at\u00e1 anois faoi \u00fain\u00e9ireacht agus faoi bhainisti\u00fa na Seirbh\u00edse P\u00e1irceanna N\u00e1isi\u00fanta &amp; Fiadh\u00falra.<\/p>\n","protected":false},"excerpt":{"rendered":"<p>Stair Anaclann D\u00falra Choill an Ghleanna Ghairbh Ag dt\u00fas an 17\u00fa haois, bh\u00ed na coillearnacha timpeall ar an nGleann Garbh fairsing, agus is faoina bhfoscadh a chuaigh O\u2019Sullivan Bear amach lena lucht lean\u00fana go luath in 1602 ar a mh\u00e1irse\u00e1il fhada chun deora\u00edocht i Liatroim tar \u00e9is chliseadh arm na nGael ag Cath Chionn tS\u00e1ile&#8230;. <\/p>\n","protected":false},"author":5,"featured_media":0,"parent":0,"menu_order":6,"comment_status":"closed","ping_status":"closed","template":"full-width.php","meta":{"footnotes":""},"class_list":["post-467","page","type-page","status-publish","hentry"],"yoast_head":"<!-- This site is optimized with the Yoast SEO plugin v27.3 - https:\/\/yoast.com\/product\/yoast-seo-wordpress\/ -->\n<title>Stair - Anaclann D\u00falra an Ghleanna Ghairbh<\/title>\n<meta name=\"robots\" content=\"index, follow, max-snippet:-1, max-image-preview:large, max-video-preview:-1\" \/>\n<link rel=\"canonical\" href=\"https:\/\/www.glengarriffnaturereserve.ie\/ga\/stair\/\" \/>\n<meta property=\"og:locale\" content=\"ga_IE\" \/>\n<meta property=\"og:type\" content=\"article\" \/>\n<meta property=\"og:title\" content=\"Stair - Anaclann D\u00falra an Ghleanna Ghairbh\" \/>\n<meta property=\"og:description\" content=\"Stair Anaclann D\u00falra Choill an Ghleanna Ghairbh Ag dt\u00fas an 17\u00fa haois, bh\u00ed na coillearnacha timpeall ar an nGleann Garbh fairsing, agus is faoina bhfoscadh a chuaigh O\u2019Sullivan Bear amach lena lucht lean\u00fana go luath in 1602 ar a mh\u00e1irse\u00e1il fhada chun deora\u00edocht i Liatroim tar \u00e9is chliseadh arm na nGael ag Cath Chionn tS\u00e1ile....\" \/>\n<meta property=\"og:url\" content=\"https:\/\/www.glengarriffnaturereserve.ie\/ga\/stair\/\" \/>\n<meta property=\"og:site_name\" content=\"Anaclann D\u00falra an Ghleanna Ghairbh\" \/>\n<meta property=\"article:publisher\" content=\"https:\/\/www.facebook.com\/GlengarriffWoodsNatureReserve\" \/>\n<meta property=\"article:modified_time\" content=\"2023-09-01T14:03:31+00:00\" \/>\n<meta name=\"twitter:card\" content=\"summary_large_image\" \/>\n<meta name=\"twitter:site\" content=\"@GlengarriffWood\" \/>\n<meta name=\"twitter:label1\" content=\"Est. reading time\" \/>\n\t<meta name=\"twitter:data1\" content=\"2 minutes\" \/>\n<script type=\"application\/ld+json\" class=\"yoast-schema-graph\">{\"@context\":\"https:\\\/\\\/schema.org\",\"@graph\":[{\"@type\":\"WebPage\",\"@id\":\"https:\\\/\\\/www.glengarriffnaturereserve.ie\\\/ga\\\/stair\\\/\",\"url\":\"https:\\\/\\\/www.glengarriffnaturereserve.ie\\\/ga\\\/stair\\\/\",\"name\":\"Stair - Anaclann D\u00falra an Ghleanna Ghairbh\",\"isPartOf\":{\"@id\":\"https:\\\/\\\/www.glengarriffnaturereserve.ie\\\/ga\\\/#website\"},\"datePublished\":\"2015-02-03T15:32:36+00:00\",\"dateModified\":\"2023-09-01T14:03:31+00:00\",\"breadcrumb\":{\"@id\":\"https:\\\/\\\/www.glengarriffnaturereserve.ie\\\/ga\\\/stair\\\/#breadcrumb\"},\"inLanguage\":\"ga-IE\",\"potentialAction\":[{\"@type\":\"ReadAction\",\"target\":[\"https:\\\/\\\/www.glengarriffnaturereserve.ie\\\/ga\\\/stair\\\/\"]}]},{\"@type\":\"BreadcrumbList\",\"@id\":\"https:\\\/\\\/www.glengarriffnaturereserve.ie\\\/ga\\\/stair\\\/#breadcrumb\",\"itemListElement\":[{\"@type\":\"ListItem\",\"position\":1,\"name\":\"Home\",\"item\":\"https:\\\/\\\/www.glengarriffnaturereserve.ie\\\/ga\\\/\"},{\"@type\":\"ListItem\",\"position\":2,\"name\":\"Stair\"}]},{\"@type\":\"WebSite\",\"@id\":\"https:\\\/\\\/www.glengarriffnaturereserve.ie\\\/ga\\\/#website\",\"url\":\"https:\\\/\\\/www.glengarriffnaturereserve.ie\\\/ga\\\/\",\"name\":\"Anaclann D\u00falra an Ghleanna Ghairbh\",\"description\":\"\",\"potentialAction\":[{\"@type\":\"SearchAction\",\"target\":{\"@type\":\"EntryPoint\",\"urlTemplate\":\"https:\\\/\\\/www.glengarriffnaturereserve.ie\\\/ga\\\/?s={search_term_string}\"},\"query-input\":{\"@type\":\"PropertyValueSpecification\",\"valueRequired\":true,\"valueName\":\"search_term_string\"}}],\"inLanguage\":\"ga-IE\"}]}<\/script>\n<!-- \/ Yoast SEO plugin. -->","yoast_head_json":{"title":"Stair - Anaclann D\u00falra an Ghleanna Ghairbh","robots":{"index":"index","follow":"follow","max-snippet":"max-snippet:-1","max-image-preview":"max-image-preview:large","max-video-preview":"max-video-preview:-1"},"canonical":"https:\/\/www.glengarriffnaturereserve.ie\/ga\/stair\/","og_locale":"ga_IE","og_type":"article","og_title":"Stair - Anaclann D\u00falra an Ghleanna Ghairbh","og_description":"Stair Anaclann D\u00falra Choill an Ghleanna Ghairbh Ag dt\u00fas an 17\u00fa haois, bh\u00ed na coillearnacha timpeall ar an nGleann Garbh fairsing, agus is faoina bhfoscadh a chuaigh O\u2019Sullivan Bear amach lena lucht lean\u00fana go luath in 1602 ar a mh\u00e1irse\u00e1il fhada chun deora\u00edocht i Liatroim tar \u00e9is chliseadh arm na nGael ag Cath Chionn tS\u00e1ile....","og_url":"https:\/\/www.glengarriffnaturereserve.ie\/ga\/stair\/","og_site_name":"Anaclann D\u00falra an Ghleanna Ghairbh","article_publisher":"https:\/\/www.facebook.com\/GlengarriffWoodsNatureReserve","article_modified_time":"2023-09-01T14:03:31+00:00","twitter_card":"summary_large_image","twitter_site":"@GlengarriffWood","twitter_misc":{"Est. reading time":"2 minutes"},"schema":{"@context":"https:\/\/schema.org","@graph":[{"@type":"WebPage","@id":"https:\/\/www.glengarriffnaturereserve.ie\/ga\/stair\/","url":"https:\/\/www.glengarriffnaturereserve.ie\/ga\/stair\/","name":"Stair - Anaclann D\u00falra an Ghleanna Ghairbh","isPartOf":{"@id":"https:\/\/www.glengarriffnaturereserve.ie\/ga\/#website"},"datePublished":"2015-02-03T15:32:36+00:00","dateModified":"2023-09-01T14:03:31+00:00","breadcrumb":{"@id":"https:\/\/www.glengarriffnaturereserve.ie\/ga\/stair\/#breadcrumb"},"inLanguage":"ga-IE","potentialAction":[{"@type":"ReadAction","target":["https:\/\/www.glengarriffnaturereserve.ie\/ga\/stair\/"]}]},{"@type":"BreadcrumbList","@id":"https:\/\/www.glengarriffnaturereserve.ie\/ga\/stair\/#breadcrumb","itemListElement":[{"@type":"ListItem","position":1,"name":"Home","item":"https:\/\/www.glengarriffnaturereserve.ie\/ga\/"},{"@type":"ListItem","position":2,"name":"Stair"}]},{"@type":"WebSite","@id":"https:\/\/www.glengarriffnaturereserve.ie\/ga\/#website","url":"https:\/\/www.glengarriffnaturereserve.ie\/ga\/","name":"Anaclann D\u00falra an Ghleanna Ghairbh","description":"","potentialAction":[{"@type":"SearchAction","target":{"@type":"EntryPoint","urlTemplate":"https:\/\/www.glengarriffnaturereserve.ie\/ga\/?s={search_term_string}"},"query-input":{"@type":"PropertyValueSpecification","valueRequired":true,"valueName":"search_term_string"}}],"inLanguage":"ga-IE"}]}},"_links":{"self":[{"href":"https:\/\/www.glengarriffnaturereserve.ie\/ga\/wp-json\/wp\/v2\/pages\/467","targetHints":{"allow":["GET"]}}],"collection":[{"href":"https:\/\/www.glengarriffnaturereserve.ie\/ga\/wp-json\/wp\/v2\/pages"}],"about":[{"href":"https:\/\/www.glengarriffnaturereserve.ie\/ga\/wp-json\/wp\/v2\/types\/page"}],"author":[{"embeddable":true,"href":"https:\/\/www.glengarriffnaturereserve.ie\/ga\/wp-json\/wp\/v2\/users\/5"}],"replies":[{"embeddable":true,"href":"https:\/\/www.glengarriffnaturereserve.ie\/ga\/wp-json\/wp\/v2\/comments?post=467"}],"version-history":[{"count":1,"href":"https:\/\/www.glengarriffnaturereserve.ie\/ga\/wp-json\/wp\/v2\/pages\/467\/revisions"}],"predecessor-version":[{"id":561,"href":"https:\/\/www.glengarriffnaturereserve.ie\/ga\/wp-json\/wp\/v2\/pages\/467\/revisions\/561"}],"wp:attachment":[{"href":"https:\/\/www.glengarriffnaturereserve.ie\/ga\/wp-json\/wp\/v2\/media?parent=467"}],"curies":[{"name":"wp","href":"https:\/\/api.w.org\/{rel}","templated":true}]}}