{"id":468,"date":"2014-12-16T17:59:21","date_gmt":"2014-12-16T17:59:21","guid":{"rendered":"https:\/\/www.glengarriffnaturereserve.ie\/gniomhaiochtai\/"},"modified":"2026-01-07T14:07:38","modified_gmt":"2026-01-07T14:07:38","slug":"gniomhaiochtai","status":"publish","type":"page","link":"https:\/\/www.glengarriffnaturereserve.ie\/ga\/gniomhaiochtai\/","title":{"rendered":"Gn\u00edomha\u00edochta\u00ed"},"content":{"rendered":"<h2>Si\u00fal\u00f3id\u00ed<\/h2>\n<h3>Conair in Anaclann D\u00falra Choill an Ghleanna Ghairbh<\/h3>\n<p>Cuirtear conair\u00ed \u00e9ags\u00fala ar f\u00e1il in Anaclann D\u00falra Choill an Ghleanna Ghairbh a oireann do chine\u00e1lacha \u00e9ags\u00fala cumais. Is f\u00e9idir leat si\u00fal\u00f3id r\u00e9idh a ghlacadh feadh Shi\u00fal\u00f3id na hAbhann n\u00f3 dreapadh g\u00e9ar, ach fi\u00fantach, a dh\u00e9anamh suas go hionad faire Lady Bantry. I measc na roghanna n\u00edos faide t\u00e1 c\u00farsa an Mh\u00f3in\u00e9ir Mh\u00f3ir, tr\u00ed choillearnacha agus seanfh\u00e9arach, n\u00f3 Conair Eisc na Muic\u00ed at\u00e1 n\u00edos gairbhe, le radhairc iontacha amach thar na crainn ar na sl\u00e9ibhte n\u00edos faide i gc\u00e9in.<\/p>\n<p>Is \u00e9 pr\u00edomhcharrchl\u00f3s na hAnaclainne D\u00falra an pointe tosaigh do na si\u00fal\u00f3id\u00ed go l\u00e9ir. Teasta\u00edonn br\u00f3ga l\u00e1idre le haghaidh gach si\u00fal\u00f3ide, agus moltar buatais\u00ed si\u00fail do Shi\u00fal\u00f3id Eisc na Muic\u00ed agus ionad faire Lady Bantry. \u00cdosl\u00f3d\u00e1il c\u00f3ip den bhileog eolais maidir leis na conair\u00ed (le l\u00e9arsc\u00e1il) anseo: <a href=\"https:\/\/www.glengarriffnaturereserve.ie\/wp-content\/uploads\/2025\/12\/GlengarriffNatureReserveTrailLeaflet.pdf\" target=\"_blank\" rel=\"noopener\">Bileog eolais maidir le conair\u00ed Choillte an Ghleanna Ghairbh<\/a>.<\/p>\n<p>&#8212;&#8212;&#8212;&#8212;&#8212;&#8212;&#8212;&#8212;&#8212;-<\/p>\n<h3>Si\u00fal\u00f3id na hAbhann<\/h3>\n<p><strong>Achar:<\/strong> 1km<\/p>\n<p><strong>Fad ama:<\/strong> 25 n\u00f3im\u00e9ad<\/p>\n<p><strong>Caighde\u00e1n:<\/strong> \u00e9asca<\/p>\n<p><strong>T\u00edr-raon:<\/strong> cos\u00e1n, r\u00e9idh den chuid is m\u00f3<\/p>\n<p>Is bealach isteach \u00e1lainn \u00e9 seo chuig Anaclann D\u00falra an Ghleanna Ghairbh, si\u00fal\u00f3id mh\u00edn tr\u00ed sheanchoillte darach agus ar bhruacha Abhainn an Ghleanna Ghairbh. T\u00f3g do chuid ama chun breathn\u00fa thart agus na raithneacha, an chaonach agus na l\u00e9icin at\u00e1 ag f\u00e1s ar na seanchrainn darach a fheice\u00e1il \u2013 is gn\u00e1ch go mb\u00edonn f\u00e1s mar seo sna coillearnacha aig\u00e9anacha in iardheisceart na h\u00c9ireann, \u00e1it a gcinnt\u00edonn sruth na Murascaille go bhfuil an aer\u00e1id te agus fliuch. Faoi cheannbhrat na darach, is \u00e9 an crann is coitianta n\u00e1 an cuileann s\u00edorghlas lena dhuilleoga deilgneach agus caora dearga. Ag breathn\u00fa s\u00edos ar an abhainn seans go mbeidh an t-\u00e1dh ort Di\u00failic\u00edn P\u00e9arla Fionnuisce a fheice\u00e1il. Maireann an speiceas neamhchoitianta seo go dt\u00ed os cionn 120 bliain d\u2019aois, rud a fh\u00e1gann gurb \u00e9 an t-ainmh\u00ed is faide a mhaireann in \u00c9irinn \u00e9.<\/p>\n<p>Treoracha: Ag f\u00e1g\u00e1il an phr\u00edomhcharrchl\u00f3is, t\u00e9igh trasna an droichead coisithe agus cas ar chl\u00e9. Leath bealaigh thart ar an tsi\u00fal\u00f3id chiorclach seo, t\u00e1 droichead coisithe (trasnaigh an droichead m\u00e1s mian leat dul ar shi\u00fal\u00f3id an Mh\u00f3in\u00e9ir Mh\u00f3ir). Chun lean\u00faint ar aghaidh le Si\u00fal\u00f3id na hAbhann, d\u00e9an neamhaird den droichead agus lean ort d\u00edreach go dt\u00ed go mbeidh t\u00fa in aice leis an mb\u00f3thar poibl\u00ed. T\u00f3g na c\u00e9imeanna agus i gceann c\u00fapla n\u00f3im\u00e9ad beidh t\u00fa ar ais ag an gcarrchl\u00f3s.<\/p>\n<p style=\"font-size: 12.1599998474121px; line-height: 15.8079996109009px;\">&#8212;&#8212;&#8212;&#8212;&#8212;&#8212;&#8212;&#8212;&#8212;-<\/p>\n<h3>Ionad faire Lady Bantry<\/h3>\n<p><strong>Achar:<\/strong> 1km<\/p>\n<p><strong>Fad ama:<\/strong> 30 n\u00f3im\u00e9ad<\/p>\n<p><strong>Caighde\u00e1n:<\/strong> measartha<\/p>\n<p><strong>T\u00edr-raon:<\/strong> cos\u00e1n g\u00e9ar le c\u00e9imeanna<\/p>\n<p>Ba ch\u00f3ir an tsi\u00fal\u00f3id seo a dh\u00e9anamh l\u00e1 bre\u00e1 ar bith. T\u00e1 an dreapadh suas tr\u00edd na coillte g\u00e9ar, ach is fi\u00fa an iarracht a dh\u00e9anamh. \u00d3n mbarr t\u00e1 radhairc l\u00e1nl\u00e9argais iontacha thar an nGleann Garbh go dt\u00ed Oile\u00e1n an Chuilinn, Oile\u00e1n Fhaoide agus Cuan Bheanntra\u00ed. \u00d3 thuaidh feiceann t\u00fa fairsinge ioml\u00e1n choillearnacha an Ghleanna Ghairbh, suite sa ghleann garbh at\u00e1 imeallaithe ag Sl\u00e9ibhte na Ceachan.<\/p>\n<p>Treoracha: \u00d3n gcarrchl\u00f3s t\u00e9igh \u00f3 dheas feadh an chonair go dt\u00ed an l\u00fab. Trasnaigh an droichead coisithe caol agus t\u00e9igh suas an cos\u00e1n, a leanann l\u00edne an bh\u00f3thair \u00e1rsa s\u00edos leithinis Bh\u00e9arra. Ag trasn\u00fa an bh\u00f3thair phoibl\u00ed, tosa\u00edonn an t-ard\u00e1n crochta ag g\u00e9ar\u00fa. Agus t\u00fa in aice leis an mbarr, t\u00e1 Caithne (Arbutus unedo) ar cheann de na crainn dheireanacha ar thaobh na l\u00e1imhe cl\u00e9. B\u00ed ag faire amach do na tortha\u00ed dearga saini\u00fala ag deireadh an tsamhraidh. Chun filleadh ar an gcarrchl\u00f3s t\u00e9igh ar ais an bealach a th\u00e1inig t\u00fa.<\/p>\n<p style=\"font-size: 12.1599998474121px; line-height: 15.8079996109009px;\">&#8212;&#8212;&#8212;&#8212;&#8212;&#8212;&#8212;&#8212;&#8212;-<\/p>\n<h3>M\u00f3in\u00e9ar M\u00f3r<\/h3>\n<p><strong>Achar:<\/strong> 3km<\/p>\n<p><strong>Fad ama:<\/strong> 90 n\u00f3im\u00e9ad<\/p>\n<p><strong>Caighde\u00e1n:<\/strong> \u00e9asca<\/p>\n<p><strong>T\u00edr-raon:<\/strong> cos\u00e1n agus conair coillearna\u00ed. R\u00e9idh den chuid is m\u00f3.<\/p>\n<p>Gn\u00e9 shaini\u00fail den tsi\u00fal\u00f3id seo n\u00e1 an M\u00f3in\u00e9ar M\u00f3r, limist\u00e9ar seanfh\u00e9arach nach ndearnadh leas\u00fa n\u00e1 treabhadh air le cuimhne na ndaoine. T\u00e1 na c\u00e9adta neadacha seang\u00e1n, bl\u00e1thanna fi\u00e1ine agus roinnt darach maorga ann. Sa gheimhreadh b\u00edonn eallach Chiarra\u00ed ar f\u00e9arach ar an m\u00f3in\u00e9ar chun stop a chur le gr\u00e1g\u00e1n ionradh a dh\u00e9anamh ar an bhf\u00e9arach. Tar \u00e9is duit dul tr\u00edd an m\u00f3in\u00e9ar, si\u00falann t\u00fa feadh chonair coillearna\u00ed \u00e1it a bhfuil Fe\u00e1, Eocalaip agus P\u00e9ine Albanach. T\u00e1 loch nua tar \u00e9is an Ph\u00e9ine Albanaigh a crutha\u00edodh go rath\u00fail don smaragaid umha-dhaite neamhchoitianta. T\u00e1 go leor den limist\u00e9ar in aice leis an loch beo le coillearnach athghinte, a d&#8217;fhorbair go n\u00e1d\u00fartha tar \u00e9is an limist\u00e9ar a ghlanadh de phland\u00e1lacha buairc\u00edneacha.<\/p>\n<p>Treoracha: T\u00f3g Si\u00fal na hAbhann go dt\u00ed go sroicheann t\u00fa droichead coisithe. Trasnaigh an droichead sin, fan ar chl\u00e9 agus trasnaigh an dara droichead. Cas ar dheis chun an M\u00f3in\u00e9ar M\u00f3r a bhaint amach. Ag deireadh an mh\u00f3in\u00e9ir cas ar chl\u00e9 tr\u00ed chrainn Fe\u00e1 feadh chonair foraoise agus thar loch beag. D\u00edreach roimh an ngeata ar an mb\u00f3thar poibl\u00ed cas ar chl\u00e9 go dt\u00ed an chonair. Lean an chonair ar feadh 1.3km go dt\u00ed go sroicheann t\u00fa an comhartha chuig ionad faire Lady Bantry. Cas ar chl\u00e9 chun dul ar ais go dt\u00ed an carrchl\u00f3s (n\u00f3 ar dheis m\u00e1 t\u00e1 an fuinneamh f\u00f3s agat chun dreapadh suas go dt\u00ed an l\u00e1thair amhairc).<\/p>\n<p style=\"font-size: 12.1599998474121px; line-height: 15.8079996109009px;\">&#8212;&#8212;&#8212;&#8212;&#8212;&#8212;&#8212;&#8212;&#8212;-<\/p>\n<h3>Eisc na Muic\u00ed<\/h3>\n<p><strong>Achar:<\/strong> 2.8km<\/p>\n<p><strong>Fad ama:<\/strong> 90 n\u00f3im\u00e9ad<\/p>\n<p><strong>Caighde\u00e1n:<\/strong> measartha<\/p>\n<p><strong>T\u00edr-raon:<\/strong> cos\u00e1n g\u00e9ar le c\u00e9imeanna<\/p>\n<p>Tugtar an tsi\u00fal\u00f3id Ard freisin air, agus t\u00e9ann an cos\u00e1n seo suas tr\u00edd na coillte agus t\u00e1 radharcanna iontacha le f\u00e1il thar na crainn go dt\u00ed na sl\u00e9ibhte n\u00edos faide i gc\u00e9in. Is f\u00e9idir \u00e9 a chomhcheangal go h\u00e9asca le Si\u00fal\u00f3id an Easa.<\/p>\n<p>Treoracha: Ag f\u00e1g\u00e1il an charrchl\u00f3is lean an chonair \u00f3 thuaidh go dt\u00ed an b\u00f3thar poibl\u00ed agus cas ar chl\u00e9. Tar \u00e9is achar gairid trasn\u00f3idh t\u00fa droichead cloiche thar Abhainn Cheann R\u00fascach. T\u00f3g an cos\u00e1n ar dheis ag an mbord picnice agus lean an cos\u00e1n ar bhruach na habhann go dt\u00ed eas beag (at\u00e1 iontach go h\u00e1irithe tar \u00e9is b\u00e1ist\u00ed). Go luath ina dhiaidh sin, t\u00e9ann an cos\u00e1n suas go dt\u00ed sraith de l\u00e1ithreacha amhairc sula sroicheann s\u00e9 conair foraoise le taobh garr\u00e1n de chrainn eocalaipe. Cas ar chl\u00e9 \u00f3 chonair na foraoise go dt\u00ed cos\u00e1n a th\u00e9ann s\u00edos go dt\u00ed an b\u00f3thar poibl\u00ed. Trasnaigh an b\u00f3thar seo agus cas ar chl\u00e9 ar Shi\u00fal\u00f3id na hAbhann agus sroichfidh t\u00fa an carrchl\u00f3s taobh istigh de ch\u00fapla n\u00f3im\u00e9ad.<\/p>\n<p style=\"font-size: 12.1599998474121px; line-height: 15.8079996109009px;\">&#8212;&#8212;&#8212;&#8212;&#8212;&#8212;&#8212;&#8212;&#8212;-<\/p>\n<h3>Si\u00fal\u00f3id an Easa<\/h3>\n<p><strong>Achar:<\/strong> 0.5km<\/p>\n<p><strong>Fad ama:<\/strong> 15 n\u00f3im\u00e9ad<\/p>\n<p><strong>Caighde\u00e1n:<\/strong> \u00e9asca<\/p>\n<p><strong>T\u00edr-raon:<\/strong> f\u00e1na r\u00e9idh<\/p>\n<p>T\u00e1 an t-eas, at\u00e1 iontach go h\u00e1irithe tar \u00e9is b\u00e1ist\u00ed, ar Abhainn Cheann R\u00fascach a ritheann s\u00edos chun nascadh le pr\u00edomh-Abhainn an Ghleanna Ghairbh.<\/p>\n<p>Treoracha: Ag f\u00e1g\u00e1il an charrchl\u00f3is lean an chonair \u00f3 thuaidh go dt\u00ed an b\u00f3thar poibl\u00ed agus cas ar chl\u00e9. Tar \u00e9is achar gairid trasn\u00f3idh t\u00fa droichead cloiche thar Abhainn Cheann R\u00fascach. T\u00f3g an cos\u00e1n ar dheis ag an mbord picnice agus lean an cos\u00e1n ar bhruach na habhann go dt\u00ed eas beag (at\u00e1 iontach go h\u00e1irithe tar \u00e9is b\u00e1ist\u00ed). Tar ar ais ar an gcos\u00e1n c\u00e9anna agus t\u00f3g Conair Eisc na Muic\u00ed n\u00f3 t\u00e9igh ar ais go dt\u00ed an carrchl\u00f3s.<\/p>\n<p style=\"font-size: 12.1599998474121px; line-height: 15.8079996109009px;\">&#8212;&#8212;&#8212;&#8212;&#8212;&#8212;&#8212;&#8212;&#8212;-<\/p>\n<h2>\u00c1iteanna eile le si\u00fal in iarthar Chorca\u00ed<\/h2>\n<p>In Iarthar Chorca\u00ed, t\u00e1 \u00e1itribh eile le cuairt a thabhairt orthu at\u00e1 faoi smacht an NPWS n\u00f3 OPW.<\/p>\n<p>Oile\u00e1n an Chuilinn (Illnacullin): I gCuan an Ghleanna Ghairbh, b\u00edonn na gaird\u00edn\u00ed c\u00e1ili\u00fala ar Oile\u00e1n an Chuilinn ar oscailt don phobal gach l\u00e1 \u00f3n 1 M\u00e1rta go 31 Deireadh F\u00f3mhair. Is turas taitneamhach \u00e9 \u00f3 shr\u00e1idbhaile an Ghleanna Ghairbh nuair a shi\u00falann t\u00fa timpeall an oile\u00e1in seo, lena raon leathan de phlanda\u00ed orn\u00e1ideacha.<\/p>\n<p>Loch Oighinn &amp; Coill Knockomagh: D\u00edreach \u00f3 dheas den Sciobair\u00edn t\u00e1 Anaclann D\u00falra Muir\u00ed Loch Oighinn, loch mara at\u00e1 ceangailte leis an bhfarraige ag f\u00e1nsruth c\u00fang. Sol\u00e1thra\u00edonn an anaclann gn\u00e1th\u00f3ga do raon leathan fl\u00f3ra agus f\u00e1na, lena n-\u00e1ir\u00edtear go leor speiceas neamhchoitianta agus \u00e1ille. In aice leis an loch t\u00e1 Anaclann Choill Knockomagh, cnoc faoi choillte ar f\u00e9idir a dhreapadh tr\u00ed chos\u00e1n l\u00fabach. \u00d3n mullach t\u00e1 radhairc iontacha amach thar Loch Oighinn, an tuath m\u00f3rthimpeall agus an tAtlantach n\u00edos faide i gc\u00e9in. T\u00e1 bileog eolais faoin gCos\u00e1n D\u00falra ar f\u00e1il \u00f3n Ionad Oidhreachta i Sciobair\u00edn.<\/p>\n<p style=\"font-size: 12.1599998474121px; line-height: 15.8079996109009px;\">&#8212;&#8212;&#8212;&#8212;&#8212;&#8212;&#8212;&#8212;&#8212;-<\/p>\n<h2>Picnic<\/h2>\n<p>T\u00e1 roinnt limist\u00e9ar picnice i gCoill an Ghleanna Ghairbh le bins\u00ed agus boird adhmaid. N\u00ed cheada\u00edtear be\u00e1rbaici\u00fanna mar gheall ar an mbaol d\u00f3ite\u00e1in.<\/p>\n<p style=\"font-size: 12.1599998474121px; line-height: 15.8079996109009px;\">&#8212;&#8212;&#8212;&#8212;&#8212;&#8212;&#8212;&#8212;&#8212;-<\/p>\n<h2>Gn\u00edomha\u00edochta\u00ed oideachais<\/h2>\n<p>Cuirtear gn\u00edomha\u00edochta\u00ed oideachais agus si\u00fal\u00f3id\u00ed ar f\u00e1il do ghr\u00fapa\u00ed \u00e1iti\u00fala scoile agus \u00f3ige, go pr\u00edomha ar iarratas.<\/p>\n","protected":false},"excerpt":{"rendered":"<p>Si\u00fal\u00f3id\u00ed Conair in Anaclann D\u00falra Choill an Ghleanna Ghairbh Cuirtear conair\u00ed \u00e9ags\u00fala ar f\u00e1il in Anaclann D\u00falra Choill an Ghleanna Ghairbh a oireann do chine\u00e1lacha \u00e9ags\u00fala cumais. Is f\u00e9idir leat si\u00fal\u00f3id r\u00e9idh a ghlacadh feadh Shi\u00fal\u00f3id na hAbhann n\u00f3 dreapadh g\u00e9ar, ach fi\u00fantach, a dh\u00e9anamh suas go hionad faire Lady Bantry. I measc na roghanna&#8230; <\/p>\n","protected":false},"author":5,"featured_media":0,"parent":0,"menu_order":7,"comment_status":"closed","ping_status":"closed","template":"full-width.php","meta":{"footnotes":""},"class_list":["post-468","page","type-page","status-publish","hentry"],"yoast_head":"<!-- This site is optimized with the Yoast SEO plugin v27.3 - https:\/\/yoast.com\/product\/yoast-seo-wordpress\/ -->\n<title>Gn\u00edomha\u00edochta\u00ed - Anaclann D\u00falra an Ghleanna Ghairbh<\/title>\n<meta name=\"robots\" content=\"index, follow, max-snippet:-1, max-image-preview:large, max-video-preview:-1\" \/>\n<link rel=\"canonical\" href=\"https:\/\/www.glengarriffnaturereserve.ie\/ga\/gniomhaiochtai\/\" \/>\n<meta property=\"og:locale\" content=\"ga_IE\" \/>\n<meta property=\"og:type\" content=\"article\" \/>\n<meta property=\"og:title\" content=\"Gn\u00edomha\u00edochta\u00ed - Anaclann D\u00falra an Ghleanna Ghairbh\" \/>\n<meta property=\"og:description\" content=\"Si\u00fal\u00f3id\u00ed Conair in Anaclann D\u00falra Choill an Ghleanna Ghairbh Cuirtear conair\u00ed \u00e9ags\u00fala ar f\u00e1il in Anaclann D\u00falra Choill an Ghleanna Ghairbh a oireann do chine\u00e1lacha \u00e9ags\u00fala cumais. Is f\u00e9idir leat si\u00fal\u00f3id r\u00e9idh a ghlacadh feadh Shi\u00fal\u00f3id na hAbhann n\u00f3 dreapadh g\u00e9ar, ach fi\u00fantach, a dh\u00e9anamh suas go hionad faire Lady Bantry. I measc na roghanna...\" \/>\n<meta property=\"og:url\" content=\"https:\/\/www.glengarriffnaturereserve.ie\/ga\/gniomhaiochtai\/\" \/>\n<meta property=\"og:site_name\" content=\"Anaclann D\u00falra an Ghleanna Ghairbh\" \/>\n<meta property=\"article:publisher\" content=\"https:\/\/www.facebook.com\/GlengarriffWoodsNatureReserve\" \/>\n<meta property=\"article:modified_time\" content=\"2026-01-07T14:07:38+00:00\" \/>\n<meta name=\"twitter:card\" content=\"summary_large_image\" \/>\n<meta name=\"twitter:site\" content=\"@GlengarriffWood\" \/>\n<meta name=\"twitter:label1\" content=\"Est. reading time\" \/>\n\t<meta name=\"twitter:data1\" content=\"8 minutes\" \/>\n<script type=\"application\/ld+json\" class=\"yoast-schema-graph\">{\"@context\":\"https:\\\/\\\/schema.org\",\"@graph\":[{\"@type\":\"WebPage\",\"@id\":\"https:\\\/\\\/www.glengarriffnaturereserve.ie\\\/ga\\\/gniomhaiochtai\\\/\",\"url\":\"https:\\\/\\\/www.glengarriffnaturereserve.ie\\\/ga\\\/gniomhaiochtai\\\/\",\"name\":\"Gn\u00edomha\u00edochta\u00ed - Anaclann D\u00falra an Ghleanna Ghairbh\",\"isPartOf\":{\"@id\":\"https:\\\/\\\/www.glengarriffnaturereserve.ie\\\/ga\\\/#website\"},\"datePublished\":\"2014-12-16T17:59:21+00:00\",\"dateModified\":\"2026-01-07T14:07:38+00:00\",\"breadcrumb\":{\"@id\":\"https:\\\/\\\/www.glengarriffnaturereserve.ie\\\/ga\\\/gniomhaiochtai\\\/#breadcrumb\"},\"inLanguage\":\"ga-IE\",\"potentialAction\":[{\"@type\":\"ReadAction\",\"target\":[\"https:\\\/\\\/www.glengarriffnaturereserve.ie\\\/ga\\\/gniomhaiochtai\\\/\"]}]},{\"@type\":\"BreadcrumbList\",\"@id\":\"https:\\\/\\\/www.glengarriffnaturereserve.ie\\\/ga\\\/gniomhaiochtai\\\/#breadcrumb\",\"itemListElement\":[{\"@type\":\"ListItem\",\"position\":1,\"name\":\"Home\",\"item\":\"https:\\\/\\\/www.glengarriffnaturereserve.ie\\\/ga\\\/\"},{\"@type\":\"ListItem\",\"position\":2,\"name\":\"Gn\u00edomha\u00edochta\u00ed\"}]},{\"@type\":\"WebSite\",\"@id\":\"https:\\\/\\\/www.glengarriffnaturereserve.ie\\\/ga\\\/#website\",\"url\":\"https:\\\/\\\/www.glengarriffnaturereserve.ie\\\/ga\\\/\",\"name\":\"Anaclann D\u00falra an Ghleanna Ghairbh\",\"description\":\"\",\"potentialAction\":[{\"@type\":\"SearchAction\",\"target\":{\"@type\":\"EntryPoint\",\"urlTemplate\":\"https:\\\/\\\/www.glengarriffnaturereserve.ie\\\/ga\\\/?s={search_term_string}\"},\"query-input\":{\"@type\":\"PropertyValueSpecification\",\"valueRequired\":true,\"valueName\":\"search_term_string\"}}],\"inLanguage\":\"ga-IE\"}]}<\/script>\n<!-- \/ Yoast SEO plugin. -->","yoast_head_json":{"title":"Gn\u00edomha\u00edochta\u00ed - Anaclann D\u00falra an Ghleanna Ghairbh","robots":{"index":"index","follow":"follow","max-snippet":"max-snippet:-1","max-image-preview":"max-image-preview:large","max-video-preview":"max-video-preview:-1"},"canonical":"https:\/\/www.glengarriffnaturereserve.ie\/ga\/gniomhaiochtai\/","og_locale":"ga_IE","og_type":"article","og_title":"Gn\u00edomha\u00edochta\u00ed - Anaclann D\u00falra an Ghleanna Ghairbh","og_description":"Si\u00fal\u00f3id\u00ed Conair in Anaclann D\u00falra Choill an Ghleanna Ghairbh Cuirtear conair\u00ed \u00e9ags\u00fala ar f\u00e1il in Anaclann D\u00falra Choill an Ghleanna Ghairbh a oireann do chine\u00e1lacha \u00e9ags\u00fala cumais. Is f\u00e9idir leat si\u00fal\u00f3id r\u00e9idh a ghlacadh feadh Shi\u00fal\u00f3id na hAbhann n\u00f3 dreapadh g\u00e9ar, ach fi\u00fantach, a dh\u00e9anamh suas go hionad faire Lady Bantry. I measc na roghanna...","og_url":"https:\/\/www.glengarriffnaturereserve.ie\/ga\/gniomhaiochtai\/","og_site_name":"Anaclann D\u00falra an Ghleanna Ghairbh","article_publisher":"https:\/\/www.facebook.com\/GlengarriffWoodsNatureReserve","article_modified_time":"2026-01-07T14:07:38+00:00","twitter_card":"summary_large_image","twitter_site":"@GlengarriffWood","twitter_misc":{"Est. reading time":"8 minutes"},"schema":{"@context":"https:\/\/schema.org","@graph":[{"@type":"WebPage","@id":"https:\/\/www.glengarriffnaturereserve.ie\/ga\/gniomhaiochtai\/","url":"https:\/\/www.glengarriffnaturereserve.ie\/ga\/gniomhaiochtai\/","name":"Gn\u00edomha\u00edochta\u00ed - Anaclann D\u00falra an Ghleanna Ghairbh","isPartOf":{"@id":"https:\/\/www.glengarriffnaturereserve.ie\/ga\/#website"},"datePublished":"2014-12-16T17:59:21+00:00","dateModified":"2026-01-07T14:07:38+00:00","breadcrumb":{"@id":"https:\/\/www.glengarriffnaturereserve.ie\/ga\/gniomhaiochtai\/#breadcrumb"},"inLanguage":"ga-IE","potentialAction":[{"@type":"ReadAction","target":["https:\/\/www.glengarriffnaturereserve.ie\/ga\/gniomhaiochtai\/"]}]},{"@type":"BreadcrumbList","@id":"https:\/\/www.glengarriffnaturereserve.ie\/ga\/gniomhaiochtai\/#breadcrumb","itemListElement":[{"@type":"ListItem","position":1,"name":"Home","item":"https:\/\/www.glengarriffnaturereserve.ie\/ga\/"},{"@type":"ListItem","position":2,"name":"Gn\u00edomha\u00edochta\u00ed"}]},{"@type":"WebSite","@id":"https:\/\/www.glengarriffnaturereserve.ie\/ga\/#website","url":"https:\/\/www.glengarriffnaturereserve.ie\/ga\/","name":"Anaclann D\u00falra an Ghleanna Ghairbh","description":"","potentialAction":[{"@type":"SearchAction","target":{"@type":"EntryPoint","urlTemplate":"https:\/\/www.glengarriffnaturereserve.ie\/ga\/?s={search_term_string}"},"query-input":{"@type":"PropertyValueSpecification","valueRequired":true,"valueName":"search_term_string"}}],"inLanguage":"ga-IE"}]}},"_links":{"self":[{"href":"https:\/\/www.glengarriffnaturereserve.ie\/ga\/wp-json\/wp\/v2\/pages\/468","targetHints":{"allow":["GET"]}}],"collection":[{"href":"https:\/\/www.glengarriffnaturereserve.ie\/ga\/wp-json\/wp\/v2\/pages"}],"about":[{"href":"https:\/\/www.glengarriffnaturereserve.ie\/ga\/wp-json\/wp\/v2\/types\/page"}],"author":[{"embeddable":true,"href":"https:\/\/www.glengarriffnaturereserve.ie\/ga\/wp-json\/wp\/v2\/users\/5"}],"replies":[{"embeddable":true,"href":"https:\/\/www.glengarriffnaturereserve.ie\/ga\/wp-json\/wp\/v2\/comments?post=468"}],"version-history":[{"count":2,"href":"https:\/\/www.glengarriffnaturereserve.ie\/ga\/wp-json\/wp\/v2\/pages\/468\/revisions"}],"predecessor-version":[{"id":885,"href":"https:\/\/www.glengarriffnaturereserve.ie\/ga\/wp-json\/wp\/v2\/pages\/468\/revisions\/885"}],"wp:attachment":[{"href":"https:\/\/www.glengarriffnaturereserve.ie\/ga\/wp-json\/wp\/v2\/media?parent=468"}],"curies":[{"name":"wp","href":"https:\/\/api.w.org\/{rel}","templated":true}]}}