{"id":469,"date":"2015-02-03T15:43:29","date_gmt":"2015-02-03T15:43:29","guid":{"rendered":"https:\/\/www.glengarriffnaturereserve.ie\/fiadhulra\/"},"modified":"2023-09-01T14:03:17","modified_gmt":"2023-09-01T14:03:17","slug":"fiadhulra","status":"publish","type":"page","link":"https:\/\/www.glengarriffnaturereserve.ie\/ga\/fiadhulra\/","title":{"rendered":"Fiadh\u00falra"},"content":{"rendered":"<h2><strong>Flora<\/strong><\/h2>\n<p>Gn\u00e9 de na coillte is ea an speiceas Hiberno-lusitanian mar a thugtar air. T\u00e1 d\u00e1ileadh neamhghn\u00e1ch ag na planda\u00ed seo sa mh\u00e9id is go bhfuil siad le f\u00e1il beagnach go hioml\u00e1n in iardheisceart na h\u00c9ireann agus in \u00e1iteanna i dtuaisceart na Sp\u00e1inne agus na Portaing\u00e9ile. I measc na speiceas sa ghr\u00fapa seo t\u00e1 dh\u00e1 speiceas saxifraga, Cab\u00e1iste an mhadra rua (<em>Saxifraga spathularis<\/em>) agus an m\u00f3r\u00e1n giobach (<em>Saxifraga hirsuta<\/em>), bainne caoin (<em>Euphorbia hyberna<\/em>) agus leith uisce (<em>Pinguicula grandiflora<\/em>). Faightear an speiceas deiridh i limist\u00e9ir phortaigh. T\u00e1 an caithne (<em>Arbutus unedo<\/em>) ar cheann de na planda\u00ed is c\u00e1ili\u00fala sa ghr\u00fapa seo, at\u00e1 ar f\u00e1il chomh fada le limist\u00e9ar na Me\u00e1nmhara. I gcoillte an Ghleanna Ghairbh t\u00e1 s\u00e9 le f\u00e1il ar lom\u00e1in charraigeacha, agus ceann suite in aice le hionad faire Lady Bantry.<\/p>\n<p>T\u00e1 magairl\u00edn coillearna\u00ed neamhchoitianta, an cuaich\u00edn caol (<em>Cephalantera longifolia<\/em>) le f\u00e1il ag su\u00edomh amh\u00e1in sa choill. T\u00e1 an speiceas seo chomh neamhchoitianta sin go bhfuil s\u00e9 liostaithe i Leabhar Dearg Sonra\u00ed na h\u00c9ireann.<\/p>\n<p>T\u00e1 na coillte suntasach freisin mar gheall ar l\u00e1ithreacht roinnt speiceas neamhchoitianta den fhungas Myxomycete, is \u00e9 sin <em>Echinostelium colliculosum, Cribraria tenella, Arcyria affinis, Stemonitis nigrescens, Symphytocarpus impexus, Fuligo muscorum, Diderma deplanatum<\/em> agus <em>D. lucidum<\/em>.<\/p>\n<p>Tagra\u00edonn an chuid a bhaineann le gn\u00e1th\u00f3ga do go leor de na speicis phlanda\u00ed a fhaightear go coitianta sa choill.<\/p>\n<hr style=\"margin: 2em 0\">\n<h2>F\u00e1na<\/h2>\n<h3>Mamaigh<\/h3>\n<h4>Ialt\u00f3ga<\/h4>\n<p>Ag breacadh an lae b\u2019fh\u00e9idir go bhfeicfe\u00e1 ialt\u00f3ga ag eitilt timpeall ar r\u00e9itigh na coillearna\u00ed, feadh na gconair\u00ed n\u00f3 feadh na n-aibhneacha. Taifeadadh seacht speiceas ialt\u00f3g i gceantar an Ghleanna Ghairbh, agus is \u00e9 an chr\u00fa-ialt\u00f3g bheag an ceann is suntasa\u00ed. T\u00e1 an speiceas seo liostaithe in Iarscr\u00edbhinn II de Threoir an AE maidir le Gn\u00e1th\u00f3ga agus is fearr leis limist\u00e9ir choillearna\u00ed in iardheisceart na h\u00c9ireann go h\u00e1irithe. T\u00e1 roinnt fara\u00ed cr\u00fa-ialt\u00f3g bheag sa anaclann d\u00falra agus timpeall air, lena n-\u00e1ir\u00edtear roinnt fara\u00ed geimhridh (hibernacula) a crutha\u00edodh go speisialta do na hialt\u00f3ga.<\/p>\n<p>I measc na speiceas eile ialt\u00f3g a fhaightear san anaclann t\u00e1 ialt\u00f3g Daubenton (le feice\u00e1il feadh na haibhneacha), ialt\u00f3g fhadchluasach, ialt\u00f3g fheascrach, ialt\u00f3g shopr\u00e1nach, ialt\u00f3g Leisler agus ialt\u00f3g Natterer.<\/p>\n<h4>Mamaigh eile<\/h4>\n<p>T\u00e1 madra\u00ed uisce coitianta sa cheantar ach b\u00edonn siad c\u00fathail agus faiteach. Faightear a gcuid &#8216;point\u00ed caca&#8217;, \u00e1it a bhf\u00e1gann siad a mbualtrach chun cr\u00edocha a mharc\u00e1il, feadh bhruach na habhann. Is m\u00f3 seans go bhfeicfe\u00e1 minc, ar speiceas de chuid Mheirice\u00e1 Thuaidh \u00e9 a scaip sa cheantar roinnt blianta \u00f3 shin. T\u00e1 an cat crainn cos\u00fail leis an minc \u00f3 thaobh m\u00e9ide de, inaitheanta \u00f3n minc mar gheall ar a \u2018bhrollach bu\u00ed uachtair\u2019. T\u00e1 an cat crainn ag teacht ar ais san anaclann le blianta beaga anuas.<\/p>\n<p>D\u00e9anann eas\u00f3ga a dtithe i mballa\u00ed agus de ghn\u00e1th b\u00edonn c\u00f3ta deargdhonn orthu agus barr dubh ar a n-eireabaill. T\u00e1 na heas\u00f3ga an-fhiosrach agus m\u00e1 fheiceann t\u00fa ceann is f\u00e9idir \u00e9 a mhealladh \u00f3n gcl\u00fadach de ghn\u00e1th ach torann b\u00edogarna\u00ed a dh\u00e9anamh. T\u00e1 m\u00e9id agus dath comhchos\u00fail ag an iora rua ach t\u00e1 eireabaill tuibha saintr\u00e9itheacha acu. Is maith leis na hiora\u00ed limist\u00e9ir na hAnaclanna a bhfuil p\u00e9ine Albanach n\u00f3 coll go h\u00e1irithe iontu.<\/p>\n<p>I measc na mamaigh eile at\u00e1 san Anaclann t\u00e1 sionnach, broc, fia Seap\u00e1nach, gabhair fia, giorria, gr\u00e1inneog, luch fh\u00e9ir agus v\u00f3l bruaigh.<\/p>\n<h3>\u00c9in<\/h3>\n<p>Cotha\u00edonn an choillearnach pobail shaintr\u00e9itheacha \u00e9an, agus is iad an r\u00ed rua, an spideog agus meant\u00e1in ar na speicis p\u00f3r\u00fach\u00e1in is coitianta. San earrach tagann ceolaire sail\u00ed agus tiuf-teaf \u00f3n Afraic chun p\u00f3r\u00fa sna coillte agus cuireann imircigh an tsamhraidh leis an daonra den chaip\u00edn dubh, cuid acu a dh\u00e9anann geimhri\u00fa san iardheisceart.<\/p>\n<p>T\u00e1 roinnt speiceas de mhuintir na pr\u00e9ach\u00e1n le f\u00e1il, lena n-\u00e1ir\u00edtear an scr\u00e9ach\u00f3g ildaite agus gl\u00f3rach. San fh\u00f3mhar cotha\u00edonn na h\u00e9in seo iad f\u00e9in ar dhearc\u00e1n at\u00e1 tite ar an talamh. Go d\u00e9anach san fh\u00f3mhar tagann imircigh isteach \u00f3 Chr\u00edoch Lochlann, mar shampla sac\u00e1n agus dearg\u00e1n sneachta, agus itheann siad na caora coillearna\u00ed.<\/p>\n<p>Feadh na habhann feicfidh t\u00fa \u00e9in ar n\u00f3s glas\u00f3ga agus an gabha dubh so-aitheanta, lena bhrollach b\u00e1n agus an n\u00f3s at\u00e1 aige a bheith ag bogadach agus \u00e9 ina lu\u00ed ar charraigeacha i l\u00e1r an tsrutha. B\u2019fh\u00e9idir go mbeadh an t-\u00e1dh leat freisin splanc iontach gorm a fheice\u00e1il agus cruid\u00edn ag imeacht tharat ar luas lasrach.<\/p>\n<p>B\u00edg\u00ed ag faire amach d\u2019eitilt mhall an ulchabh\u00e1in fadchluasach a neada\u00edonn sa bp\u00e9ine Albanach chomh maith leis an gcreabhar, cuairteoir geimhridh go pr\u00edomha, a thagann amach le titim na ho\u00edche chun \u00e9 f\u00e9in a choth\u00fa ar fh\u00e9arach oscailte. Seans go bhfeicfe\u00e1 freisin an cruth taibhseach b\u00e1n at\u00e1 ar scr\u00e9ach\u00f3g reilige ar th\u00f3ir na v\u00f3il bruaigh.<\/p>\n<h3>Amfaibiaigh<\/h3>\n<p>B\u00edonn loch\u00e1in agus linnte san anaclann pl\u00f3daithe le gl\u00f3thach froig agus torb\u00e1in \u00f3 th\u00fas an earraigh agus taca\u00edonn an anaclann le daonra sl\u00e1inti\u00fail froganna f\u00e1sta.<\/p>\n<h3>Inveirteabraigh<\/h3>\n<p>T\u00e1 n\u00edos m\u00f3 speiceas ainmhithe ag an gcrann darach n\u00e1 aon speiceas crann eile agus t\u00e1 n\u00edos m\u00f3 n\u00e1 200 speiceas feithid\u00ed ina gc\u00f3na\u00ed inti. T\u00e1 crainn darach aib\u00ed an Ghleanna Ghairbh ina \u00f3staigh ar an t-aon speiceas seang\u00e1n crannach in \u00c9irinn (<em>Lasius fulginosis<\/em>). Is eol go bhfanann na coil\u00edneachta\u00ed seang\u00e1n crannach le crainn aonair ar feadh suas le c\u00e9ad bliain. T\u00e1 a bhf\u00e1na f\u00e9in ag seanchrainn beithe freisin, ina measc t\u00e1 an ciar\u00f3g fhadadharcach \u00e1lainn dhubh agus bhu\u00ed (<em>Leptura aurulenta<\/em>). Is ionadaithe iad an seang\u00e1n crannach agus an ciar\u00f3g fhadadharcach ar sheanfh\u00e1na foraoise na h\u00c9ireann at\u00e1 i bhfad n\u00edos l\u00fa anois agus, in \u00e9ineacht le speiceas beach ghabhair (<em>Microdon analis<\/em>), l\u00e9ir\u00edonn siad bun\u00fas \u00e1rsa na gcoillte seo.<\/p>\n<p>Is gn\u00e1th\u00f3g iad na portaigh bheaga laistigh den Anaclann do speicis nach bhfaightear ach nuair a thagann coillearnach agus portach le ch\u00e9ile. Ina measc seo t\u00e1 an dreoil\u00edn teaspaigh is m\u00f3 in \u00c9irinn (<em>Stethophyma grossa<\/em>), an creabhar capaill liath agus or\u00e1iste (<em>Hybomitra muhlfeldi<\/em>) agus an creabhar capaill is m\u00f3 in iarthar na hEorpa (<em>Tabanus sudeticus<\/em>), at\u00e1 os cionn 2.5 cm ar fad.<\/p>\n<p>Cuireann gn\u00e1th\u00f3ga uisceacha na hAnaclanna leis an \u00e9ags\u00falacht f\u00e1na. Cotha\u00edonn na haibhneacha di\u00failic\u00edn\u00ed p\u00e9arla fionnuisce (<em>Margaritifera margaritifera<\/em>), speiceas at\u00e1 liostaithe in Iarscr\u00edbhinn II de Threoir an AE maidir le Gn\u00e1th\u00f3ga. Is f\u00e9idir leis an di\u00failic\u00edn p\u00e9arla maireacht\u00e1il suas le 130 bliain d\u2019aois, rud a fh\u00e1gann gurb \u00e9 an t-ainmh\u00ed is faide a mhaireann in \u00c9irinn \u00e9. Ceangla\u00edonn larbha\u00ed na ndi\u00failic\u00edn\u00ed (glochidia) iad f\u00e9in le geolbhaigh speiceas iasc salmainid. Titeann an glochidia amach tar \u00e9is roinnt m\u00edonna agus socra\u00edonn s\u00e9 laistigh de leapacha gairbh\u00e9il \u00e1it ar f\u00e9idir leis na di\u00failic\u00edn\u00ed forbairt go dt\u00ed l\u00e1naib\u00edocht.<\/p>\n<p>Taca\u00edonn an d\u00e1 loch a bhaineann leis an Anaclann D\u00falra le raon leathan de shn\u00e1thaid\u00ed m\u00f3ra agus de bhr\u00eddeoga, lena n-\u00e1ir\u00edtear an smaragaid umha-dhaite (<em>Cordulea aenea<\/em>). In \u00e1iteanna eile in \u00c9irinn n\u00edl an speiceas seo ar eolas ach i gCill Airne.<\/p>\n<p>Speiceas inveirteabrach le d\u00e1ileadh cos\u00fail leis an speiceas planda Hiberno-lusitanian is ea an dr\u00facht\u00edn ballach (<em>Geomalacus maculosus<\/em>). N\u00edl eolas ar an speiceas seo ach in iardheisceart na h\u00c9ireann agus in iarthuaisceart leithinis na hIb\u00e9ire. Dorcha le spota\u00ed saini\u00fala uachtair, is f\u00e9idir an seilide a fh\u00e1il ag innilt ar l\u00e9icin ar charraigeacha n\u00f3 ar stoca\u00ed crann le linn aimsir thaise. D\u00edreach cos\u00fail leis na di\u00failic\u00edn\u00ed p\u00e9arla fionnuisce (Margaritifera margaritifera), t\u00e1 an dr\u00facht\u00edn ballach liostaithe in Iarscr\u00edbhinn II de Threoir an AE maidir le Gn\u00e1th\u00f3ga.<\/p>\n<p>I measc na f\u00e9ileac\u00e1in a taifeadadh sa Anaclann D\u00falra t\u00e1 an fritile\u00e1n geal (<em>Argynnis paphia<\/em>), an stiallach uaine (<em>Callophrys rubi<\/em>), an stiallach corcra (<em>Quercusia quercus<\/em>), fraoch\u00e1n m\u00f3r (<em>Coenonympha tullia<\/em>) agus gorm\u00e1n cuilinn (<em>Celastrina argiolus<\/em>).<\/p>\n<h3>Iasc<\/h3>\n<p>T\u00e1 speicis ar n\u00f3s brad\u00e1n agus breac in aibhneacha na hAnaclainne. T\u00e1 ceadanna iascaireachta ar f\u00e1il sa sr\u00e1idbhaile.<\/p>\n<hr>\n","protected":false},"excerpt":{"rendered":"<p>Flora Gn\u00e9 de na coillte is ea an speiceas Hiberno-lusitanian mar a thugtar air. T\u00e1 d\u00e1ileadh neamhghn\u00e1ch ag na planda\u00ed seo sa mh\u00e9id is go bhfuil siad le f\u00e1il beagnach go hioml\u00e1n in iardheisceart na h\u00c9ireann agus in \u00e1iteanna i dtuaisceart na Sp\u00e1inne agus na Portaing\u00e9ile. I measc na speiceas sa ghr\u00fapa seo t\u00e1 dh\u00e1&#8230; <\/p>\n","protected":false},"author":5,"featured_media":0,"parent":0,"menu_order":5,"comment_status":"closed","ping_status":"closed","template":"full-width.php","meta":{"footnotes":""},"class_list":["post-469","page","type-page","status-publish","hentry"],"yoast_head":"<!-- This site is optimized with the Yoast SEO plugin v27.3 - https:\/\/yoast.com\/product\/yoast-seo-wordpress\/ -->\n<title>Fiadh\u00falra - Anaclann D\u00falra an Ghleanna Ghairbh<\/title>\n<meta name=\"robots\" content=\"index, follow, max-snippet:-1, max-image-preview:large, max-video-preview:-1\" \/>\n<link rel=\"canonical\" href=\"https:\/\/www.glengarriffnaturereserve.ie\/ga\/fiadhulra\/\" \/>\n<meta property=\"og:locale\" content=\"ga_IE\" \/>\n<meta property=\"og:type\" content=\"article\" \/>\n<meta property=\"og:title\" content=\"Fiadh\u00falra - Anaclann D\u00falra an Ghleanna Ghairbh\" \/>\n<meta property=\"og:description\" content=\"Flora Gn\u00e9 de na coillte is ea an speiceas Hiberno-lusitanian mar a thugtar air. T\u00e1 d\u00e1ileadh neamhghn\u00e1ch ag na planda\u00ed seo sa mh\u00e9id is go bhfuil siad le f\u00e1il beagnach go hioml\u00e1n in iardheisceart na h\u00c9ireann agus in \u00e1iteanna i dtuaisceart na Sp\u00e1inne agus na Portaing\u00e9ile. I measc na speiceas sa ghr\u00fapa seo t\u00e1 dh\u00e1...\" \/>\n<meta property=\"og:url\" content=\"https:\/\/www.glengarriffnaturereserve.ie\/ga\/fiadhulra\/\" \/>\n<meta property=\"og:site_name\" content=\"Anaclann D\u00falra an Ghleanna Ghairbh\" \/>\n<meta property=\"article:publisher\" content=\"https:\/\/www.facebook.com\/GlengarriffWoodsNatureReserve\" \/>\n<meta property=\"article:modified_time\" content=\"2023-09-01T14:03:17+00:00\" \/>\n<meta name=\"twitter:card\" content=\"summary_large_image\" \/>\n<meta name=\"twitter:site\" content=\"@GlengarriffWood\" \/>\n<meta name=\"twitter:label1\" content=\"Est. reading time\" \/>\n\t<meta name=\"twitter:data1\" content=\"7 minutes\" \/>\n<script type=\"application\/ld+json\" class=\"yoast-schema-graph\">{\"@context\":\"https:\\\/\\\/schema.org\",\"@graph\":[{\"@type\":\"WebPage\",\"@id\":\"https:\\\/\\\/www.glengarriffnaturereserve.ie\\\/ga\\\/fiadhulra\\\/\",\"url\":\"https:\\\/\\\/www.glengarriffnaturereserve.ie\\\/ga\\\/fiadhulra\\\/\",\"name\":\"Fiadh\u00falra - Anaclann D\u00falra an Ghleanna Ghairbh\",\"isPartOf\":{\"@id\":\"https:\\\/\\\/www.glengarriffnaturereserve.ie\\\/ga\\\/#website\"},\"datePublished\":\"2015-02-03T15:43:29+00:00\",\"dateModified\":\"2023-09-01T14:03:17+00:00\",\"breadcrumb\":{\"@id\":\"https:\\\/\\\/www.glengarriffnaturereserve.ie\\\/ga\\\/fiadhulra\\\/#breadcrumb\"},\"inLanguage\":\"ga-IE\",\"potentialAction\":[{\"@type\":\"ReadAction\",\"target\":[\"https:\\\/\\\/www.glengarriffnaturereserve.ie\\\/ga\\\/fiadhulra\\\/\"]}]},{\"@type\":\"BreadcrumbList\",\"@id\":\"https:\\\/\\\/www.glengarriffnaturereserve.ie\\\/ga\\\/fiadhulra\\\/#breadcrumb\",\"itemListElement\":[{\"@type\":\"ListItem\",\"position\":1,\"name\":\"Home\",\"item\":\"https:\\\/\\\/www.glengarriffnaturereserve.ie\\\/ga\\\/\"},{\"@type\":\"ListItem\",\"position\":2,\"name\":\"Fiadh\u00falra\"}]},{\"@type\":\"WebSite\",\"@id\":\"https:\\\/\\\/www.glengarriffnaturereserve.ie\\\/ga\\\/#website\",\"url\":\"https:\\\/\\\/www.glengarriffnaturereserve.ie\\\/ga\\\/\",\"name\":\"Anaclann D\u00falra an Ghleanna Ghairbh\",\"description\":\"\",\"potentialAction\":[{\"@type\":\"SearchAction\",\"target\":{\"@type\":\"EntryPoint\",\"urlTemplate\":\"https:\\\/\\\/www.glengarriffnaturereserve.ie\\\/ga\\\/?s={search_term_string}\"},\"query-input\":{\"@type\":\"PropertyValueSpecification\",\"valueRequired\":true,\"valueName\":\"search_term_string\"}}],\"inLanguage\":\"ga-IE\"}]}<\/script>\n<!-- \/ Yoast SEO plugin. -->","yoast_head_json":{"title":"Fiadh\u00falra - Anaclann D\u00falra an Ghleanna Ghairbh","robots":{"index":"index","follow":"follow","max-snippet":"max-snippet:-1","max-image-preview":"max-image-preview:large","max-video-preview":"max-video-preview:-1"},"canonical":"https:\/\/www.glengarriffnaturereserve.ie\/ga\/fiadhulra\/","og_locale":"ga_IE","og_type":"article","og_title":"Fiadh\u00falra - Anaclann D\u00falra an Ghleanna Ghairbh","og_description":"Flora Gn\u00e9 de na coillte is ea an speiceas Hiberno-lusitanian mar a thugtar air. T\u00e1 d\u00e1ileadh neamhghn\u00e1ch ag na planda\u00ed seo sa mh\u00e9id is go bhfuil siad le f\u00e1il beagnach go hioml\u00e1n in iardheisceart na h\u00c9ireann agus in \u00e1iteanna i dtuaisceart na Sp\u00e1inne agus na Portaing\u00e9ile. I measc na speiceas sa ghr\u00fapa seo t\u00e1 dh\u00e1...","og_url":"https:\/\/www.glengarriffnaturereserve.ie\/ga\/fiadhulra\/","og_site_name":"Anaclann D\u00falra an Ghleanna Ghairbh","article_publisher":"https:\/\/www.facebook.com\/GlengarriffWoodsNatureReserve","article_modified_time":"2023-09-01T14:03:17+00:00","twitter_card":"summary_large_image","twitter_site":"@GlengarriffWood","twitter_misc":{"Est. reading time":"7 minutes"},"schema":{"@context":"https:\/\/schema.org","@graph":[{"@type":"WebPage","@id":"https:\/\/www.glengarriffnaturereserve.ie\/ga\/fiadhulra\/","url":"https:\/\/www.glengarriffnaturereserve.ie\/ga\/fiadhulra\/","name":"Fiadh\u00falra - Anaclann D\u00falra an Ghleanna Ghairbh","isPartOf":{"@id":"https:\/\/www.glengarriffnaturereserve.ie\/ga\/#website"},"datePublished":"2015-02-03T15:43:29+00:00","dateModified":"2023-09-01T14:03:17+00:00","breadcrumb":{"@id":"https:\/\/www.glengarriffnaturereserve.ie\/ga\/fiadhulra\/#breadcrumb"},"inLanguage":"ga-IE","potentialAction":[{"@type":"ReadAction","target":["https:\/\/www.glengarriffnaturereserve.ie\/ga\/fiadhulra\/"]}]},{"@type":"BreadcrumbList","@id":"https:\/\/www.glengarriffnaturereserve.ie\/ga\/fiadhulra\/#breadcrumb","itemListElement":[{"@type":"ListItem","position":1,"name":"Home","item":"https:\/\/www.glengarriffnaturereserve.ie\/ga\/"},{"@type":"ListItem","position":2,"name":"Fiadh\u00falra"}]},{"@type":"WebSite","@id":"https:\/\/www.glengarriffnaturereserve.ie\/ga\/#website","url":"https:\/\/www.glengarriffnaturereserve.ie\/ga\/","name":"Anaclann D\u00falra an Ghleanna Ghairbh","description":"","potentialAction":[{"@type":"SearchAction","target":{"@type":"EntryPoint","urlTemplate":"https:\/\/www.glengarriffnaturereserve.ie\/ga\/?s={search_term_string}"},"query-input":{"@type":"PropertyValueSpecification","valueRequired":true,"valueName":"search_term_string"}}],"inLanguage":"ga-IE"}]}},"_links":{"self":[{"href":"https:\/\/www.glengarriffnaturereserve.ie\/ga\/wp-json\/wp\/v2\/pages\/469","targetHints":{"allow":["GET"]}}],"collection":[{"href":"https:\/\/www.glengarriffnaturereserve.ie\/ga\/wp-json\/wp\/v2\/pages"}],"about":[{"href":"https:\/\/www.glengarriffnaturereserve.ie\/ga\/wp-json\/wp\/v2\/types\/page"}],"author":[{"embeddable":true,"href":"https:\/\/www.glengarriffnaturereserve.ie\/ga\/wp-json\/wp\/v2\/users\/5"}],"replies":[{"embeddable":true,"href":"https:\/\/www.glengarriffnaturereserve.ie\/ga\/wp-json\/wp\/v2\/comments?post=469"}],"version-history":[{"count":1,"href":"https:\/\/www.glengarriffnaturereserve.ie\/ga\/wp-json\/wp\/v2\/pages\/469\/revisions"}],"predecessor-version":[{"id":560,"href":"https:\/\/www.glengarriffnaturereserve.ie\/ga\/wp-json\/wp\/v2\/pages\/469\/revisions\/560"}],"wp:attachment":[{"href":"https:\/\/www.glengarriffnaturereserve.ie\/ga\/wp-json\/wp\/v2\/media?parent=469"}],"curies":[{"name":"wp","href":"https:\/\/api.w.org\/{rel}","templated":true}]}}