{"id":471,"date":"2015-02-03T15:54:58","date_gmt":"2015-02-03T15:54:58","guid":{"rendered":"https:\/\/www.glengarriffnaturereserve.ie\/geolaiocht\/"},"modified":"2023-09-01T14:03:02","modified_gmt":"2023-09-01T14:03:02","slug":"geolaiocht","status":"publish","type":"page","link":"https:\/\/www.glengarriffnaturereserve.ie\/ga\/geolaiocht\/","title":{"rendered":"Geola\u00edocht"},"content":{"rendered":"<p>Is \u00ed an tSean-Ghaineamhchloch Rua an charraig is m\u00f3, ar carraig dhr\u00edodair \u00ed \u00f3n tr\u00e9imhse Dheav\u00f3nach (timpeall 350 milli\u00fan roimhe seo). T\u00e1 fianaise ar na pr\u00f3isis oighreacha a mh\u00fanlaigh agus a bhunaigh an gleann at\u00e1 faoi choillte anois, le feice\u00e1il sna carraigeacha oighear-r\u00e9idh at\u00e1 san Anaclann m.sh. ar bhruach thall Shi\u00fal\u00f3id na hAbhann.<\/p>\n<p>Athra\u00edonn na hithreacha forluiteacha \u00f3 ithreacha donna aig\u00e9adacha go hithreacha donna gl\u00e1racha agus m\u00f3in.<\/p>\n","protected":false},"excerpt":{"rendered":"<p>Is \u00ed an tSean-Ghaineamhchloch Rua an charraig is m\u00f3, ar carraig dhr\u00edodair \u00ed \u00f3n tr\u00e9imhse Dheav\u00f3nach (timpeall 350 milli\u00fan roimhe seo). T\u00e1 fianaise ar na pr\u00f3isis oighreacha a mh\u00fanlaigh agus a bhunaigh an gleann at\u00e1 faoi choillte anois, le feice\u00e1il sna carraigeacha oighear-r\u00e9idh at\u00e1 san Anaclann m.sh. ar bhruach thall Shi\u00fal\u00f3id na hAbhann. Athra\u00edonn na&#8230; <\/p>\n","protected":false},"author":5,"featured_media":0,"parent":0,"menu_order":4,"comment_status":"closed","ping_status":"closed","template":"full-width.php","meta":{"footnotes":""},"class_list":["post-471","page","type-page","status-publish","hentry"],"yoast_head":"<!-- This site is optimized with the Yoast SEO plugin v27.3 - https:\/\/yoast.com\/product\/yoast-seo-wordpress\/ -->\n<title>Geola\u00edocht - Anaclann D\u00falra an Ghleanna Ghairbh<\/title>\n<meta name=\"robots\" content=\"index, follow, max-snippet:-1, max-image-preview:large, max-video-preview:-1\" \/>\n<link rel=\"canonical\" href=\"https:\/\/www.glengarriffnaturereserve.ie\/ga\/geolaiocht\/\" \/>\n<meta property=\"og:locale\" content=\"ga_IE\" \/>\n<meta property=\"og:type\" content=\"article\" \/>\n<meta property=\"og:title\" content=\"Geola\u00edocht - Anaclann D\u00falra an Ghleanna Ghairbh\" \/>\n<meta property=\"og:description\" content=\"Is \u00ed an tSean-Ghaineamhchloch Rua an charraig is m\u00f3, ar carraig dhr\u00edodair \u00ed \u00f3n tr\u00e9imhse Dheav\u00f3nach (timpeall 350 milli\u00fan roimhe seo). T\u00e1 fianaise ar na pr\u00f3isis oighreacha a mh\u00fanlaigh agus a bhunaigh an gleann at\u00e1 faoi choillte anois, le feice\u00e1il sna carraigeacha oighear-r\u00e9idh at\u00e1 san Anaclann m.sh. ar bhruach thall Shi\u00fal\u00f3id na hAbhann. Athra\u00edonn na...\" \/>\n<meta property=\"og:url\" content=\"https:\/\/www.glengarriffnaturereserve.ie\/ga\/geolaiocht\/\" \/>\n<meta property=\"og:site_name\" content=\"Anaclann D\u00falra an Ghleanna Ghairbh\" \/>\n<meta property=\"article:publisher\" content=\"https:\/\/www.facebook.com\/GlengarriffWoodsNatureReserve\" \/>\n<meta property=\"article:modified_time\" content=\"2023-09-01T14:03:02+00:00\" \/>\n<meta name=\"twitter:card\" content=\"summary_large_image\" \/>\n<meta name=\"twitter:site\" content=\"@GlengarriffWood\" \/>\n<script type=\"application\/ld+json\" class=\"yoast-schema-graph\">{\"@context\":\"https:\\\/\\\/schema.org\",\"@graph\":[{\"@type\":\"WebPage\",\"@id\":\"https:\\\/\\\/www.glengarriffnaturereserve.ie\\\/ga\\\/geolaiocht\\\/\",\"url\":\"https:\\\/\\\/www.glengarriffnaturereserve.ie\\\/ga\\\/geolaiocht\\\/\",\"name\":\"Geola\u00edocht - Anaclann D\u00falra an Ghleanna Ghairbh\",\"isPartOf\":{\"@id\":\"https:\\\/\\\/www.glengarriffnaturereserve.ie\\\/ga\\\/#website\"},\"datePublished\":\"2015-02-03T15:54:58+00:00\",\"dateModified\":\"2023-09-01T14:03:02+00:00\",\"breadcrumb\":{\"@id\":\"https:\\\/\\\/www.glengarriffnaturereserve.ie\\\/ga\\\/geolaiocht\\\/#breadcrumb\"},\"inLanguage\":\"ga-IE\",\"potentialAction\":[{\"@type\":\"ReadAction\",\"target\":[\"https:\\\/\\\/www.glengarriffnaturereserve.ie\\\/ga\\\/geolaiocht\\\/\"]}]},{\"@type\":\"BreadcrumbList\",\"@id\":\"https:\\\/\\\/www.glengarriffnaturereserve.ie\\\/ga\\\/geolaiocht\\\/#breadcrumb\",\"itemListElement\":[{\"@type\":\"ListItem\",\"position\":1,\"name\":\"Home\",\"item\":\"https:\\\/\\\/www.glengarriffnaturereserve.ie\\\/ga\\\/\"},{\"@type\":\"ListItem\",\"position\":2,\"name\":\"Geola\u00edocht\"}]},{\"@type\":\"WebSite\",\"@id\":\"https:\\\/\\\/www.glengarriffnaturereserve.ie\\\/ga\\\/#website\",\"url\":\"https:\\\/\\\/www.glengarriffnaturereserve.ie\\\/ga\\\/\",\"name\":\"Anaclann D\u00falra an Ghleanna Ghairbh\",\"description\":\"\",\"potentialAction\":[{\"@type\":\"SearchAction\",\"target\":{\"@type\":\"EntryPoint\",\"urlTemplate\":\"https:\\\/\\\/www.glengarriffnaturereserve.ie\\\/ga\\\/?s={search_term_string}\"},\"query-input\":{\"@type\":\"PropertyValueSpecification\",\"valueRequired\":true,\"valueName\":\"search_term_string\"}}],\"inLanguage\":\"ga-IE\"}]}<\/script>\n<!-- \/ Yoast SEO plugin. -->","yoast_head_json":{"title":"Geola\u00edocht - Anaclann D\u00falra an Ghleanna Ghairbh","robots":{"index":"index","follow":"follow","max-snippet":"max-snippet:-1","max-image-preview":"max-image-preview:large","max-video-preview":"max-video-preview:-1"},"canonical":"https:\/\/www.glengarriffnaturereserve.ie\/ga\/geolaiocht\/","og_locale":"ga_IE","og_type":"article","og_title":"Geola\u00edocht - Anaclann D\u00falra an Ghleanna Ghairbh","og_description":"Is \u00ed an tSean-Ghaineamhchloch Rua an charraig is m\u00f3, ar carraig dhr\u00edodair \u00ed \u00f3n tr\u00e9imhse Dheav\u00f3nach (timpeall 350 milli\u00fan roimhe seo). T\u00e1 fianaise ar na pr\u00f3isis oighreacha a mh\u00fanlaigh agus a bhunaigh an gleann at\u00e1 faoi choillte anois, le feice\u00e1il sna carraigeacha oighear-r\u00e9idh at\u00e1 san Anaclann m.sh. ar bhruach thall Shi\u00fal\u00f3id na hAbhann. Athra\u00edonn na...","og_url":"https:\/\/www.glengarriffnaturereserve.ie\/ga\/geolaiocht\/","og_site_name":"Anaclann D\u00falra an Ghleanna Ghairbh","article_publisher":"https:\/\/www.facebook.com\/GlengarriffWoodsNatureReserve","article_modified_time":"2023-09-01T14:03:02+00:00","twitter_card":"summary_large_image","twitter_site":"@GlengarriffWood","schema":{"@context":"https:\/\/schema.org","@graph":[{"@type":"WebPage","@id":"https:\/\/www.glengarriffnaturereserve.ie\/ga\/geolaiocht\/","url":"https:\/\/www.glengarriffnaturereserve.ie\/ga\/geolaiocht\/","name":"Geola\u00edocht - Anaclann D\u00falra an Ghleanna Ghairbh","isPartOf":{"@id":"https:\/\/www.glengarriffnaturereserve.ie\/ga\/#website"},"datePublished":"2015-02-03T15:54:58+00:00","dateModified":"2023-09-01T14:03:02+00:00","breadcrumb":{"@id":"https:\/\/www.glengarriffnaturereserve.ie\/ga\/geolaiocht\/#breadcrumb"},"inLanguage":"ga-IE","potentialAction":[{"@type":"ReadAction","target":["https:\/\/www.glengarriffnaturereserve.ie\/ga\/geolaiocht\/"]}]},{"@type":"BreadcrumbList","@id":"https:\/\/www.glengarriffnaturereserve.ie\/ga\/geolaiocht\/#breadcrumb","itemListElement":[{"@type":"ListItem","position":1,"name":"Home","item":"https:\/\/www.glengarriffnaturereserve.ie\/ga\/"},{"@type":"ListItem","position":2,"name":"Geola\u00edocht"}]},{"@type":"WebSite","@id":"https:\/\/www.glengarriffnaturereserve.ie\/ga\/#website","url":"https:\/\/www.glengarriffnaturereserve.ie\/ga\/","name":"Anaclann D\u00falra an Ghleanna Ghairbh","description":"","potentialAction":[{"@type":"SearchAction","target":{"@type":"EntryPoint","urlTemplate":"https:\/\/www.glengarriffnaturereserve.ie\/ga\/?s={search_term_string}"},"query-input":{"@type":"PropertyValueSpecification","valueRequired":true,"valueName":"search_term_string"}}],"inLanguage":"ga-IE"}]}},"_links":{"self":[{"href":"https:\/\/www.glengarriffnaturereserve.ie\/ga\/wp-json\/wp\/v2\/pages\/471","targetHints":{"allow":["GET"]}}],"collection":[{"href":"https:\/\/www.glengarriffnaturereserve.ie\/ga\/wp-json\/wp\/v2\/pages"}],"about":[{"href":"https:\/\/www.glengarriffnaturereserve.ie\/ga\/wp-json\/wp\/v2\/types\/page"}],"author":[{"embeddable":true,"href":"https:\/\/www.glengarriffnaturereserve.ie\/ga\/wp-json\/wp\/v2\/users\/5"}],"replies":[{"embeddable":true,"href":"https:\/\/www.glengarriffnaturereserve.ie\/ga\/wp-json\/wp\/v2\/comments?post=471"}],"version-history":[{"count":1,"href":"https:\/\/www.glengarriffnaturereserve.ie\/ga\/wp-json\/wp\/v2\/pages\/471\/revisions"}],"predecessor-version":[{"id":559,"href":"https:\/\/www.glengarriffnaturereserve.ie\/ga\/wp-json\/wp\/v2\/pages\/471\/revisions\/559"}],"wp:attachment":[{"href":"https:\/\/www.glengarriffnaturereserve.ie\/ga\/wp-json\/wp\/v2\/media?parent=471"}],"curies":[{"name":"wp","href":"https:\/\/api.w.org\/{rel}","templated":true}]}}