{"id":472,"date":"2020-04-09T10:19:17","date_gmt":"2020-04-09T10:19:17","guid":{"rendered":"https:\/\/www.glengarriffnaturereserve.ie\/ceamara-greasain-an-iolair-mhara\/"},"modified":"2026-01-07T14:06:40","modified_gmt":"2026-01-07T14:06:40","slug":"ceamara-greasain-an-iolair-mhara","status":"publish","type":"page","link":"https:\/\/www.glengarriffnaturereserve.ie\/ga\/ceamara-greasain-an-iolair-mhara\/","title":{"rendered":"Ceamara Gr\u00e9as\u00e1in an Iolair Mhara"},"content":{"rendered":"<p>Shocraigh an tSeirbh\u00eds P\u00e1irceanna N\u00e1isi\u00fanta agus Fiadh\u00falra suas an ceamara gr\u00e9as\u00e1in beo-sruthaithe seo chun monat\u00f3ireacht a dh\u00e9anamh ar ph\u00e9ire iolair mhara a bh\u00ed ag p\u00f3r\u00fa i gContae Chorca\u00ed. Bh\u00ed an t-iolar mara d\u00edothaithe in \u00c9irinn breis is 100 bliain \u00f3 shin ach tugadh ar ais iad mar chuid de chl\u00e1r athbhunaithe: \u00f3 2007 go 2011 tugadh c\u00e9ad sic\u00edn iolair \u00f3n Iorua agus scaoileadh saor iad i bP\u00e1irc N\u00e1isi\u00fanta Chill Airne. T\u00e1 siad scaipthe ar fud na h\u00c9ireann \u00f3 shin agus t\u00e1 suas le dosaen p\u00e9ire ag p\u00f3r\u00fa i gcontaetha Chorca\u00ed, Chiarra\u00ed, an Chl\u00e1ir, Thiobraid \u00c1rann agus na Gaillimhe.<\/p>\n<p>Is iad Black P (baineann) agus Blue W (fireann) na h\u00e9in ar an gceamara gr\u00e9as\u00e1in beo seo, agus tugadh an bheirt acu go h\u00c9irinn mar chuid den chl\u00e1r athbhunaithe. In 2016, th\u00f3g p\u00e9ire iolar ag an nead seo an ch\u00e9ad sic\u00edn iolair a tugadh chun aib\u00edochta i gCo. Chorca\u00ed le breis agus c\u00e9ad bliain. In 2018, \u00e1fach, chuir ceann baineann n\u00edos \u00f3ige P. an ceann baineann bunaidh (Green D) amach. T\u00e1thar f\u00f3s ag fanacht go bhfeicfear an dtabharfaidh an p\u00e9ire nua seo sic\u00edn chun aib\u00edochta in 2020.<\/p>\n<p><a href=\"https:\/\/www.glengarriffnaturereserve.ie\/ga\/stair-iolair-an-ghleanna-ghairbh\/\">Faigh tuilleadh eolais faoi stair na n-iolar sa Ghleann Garbh agus a gcuid iarrachta\u00ed p\u00f3r\u00fach\u00e1in<\/a><\/p>\n<p><a href=\"https:\/\/www.glengarriffnaturereserve.ie\/ga\/firici-faoin-iolar-mara\/\">T\u00e1 f\u00edric\u00ed anseo faoi iolair mhara<\/a><\/p>\n<p><a href=\"https:\/\/spark.adobe.com\/page\/Q7cArsKBw1DaP\/\">Blag faoi iolair de chuid na Roinne Cult\u00fair, Oidhreachta agus Gaeltachta<\/a><\/p>\n<p>Lean muid ar \u00e1r leathanach <a href=\"https:\/\/www.facebook.com\/GlengarriffWoodsNatureReserve\/\">Facebook<\/a> le haghaidh nuashonruithe rialta!<\/p>\n<p>Post\u00e1lacha blag: <a href=\"https:\/\/www.glengarriffnaturereserve.ie\/name-the-eaglet\/\">Ainmnigh an t-iolar!<\/a> <a href=\"https:\/\/www.glengarriffnaturereserve.ie\/shes-fledged\/\">T\u00e1 s\u00ed tugtha chun aib\u00edochta!<\/a> <a href=\"https:\/\/www.glengarriffnaturereserve.ie\/its-a-girl\/\">Is cail\u00edn \u00ed!<\/a> <a href=\"https:\/\/www.glengarriffnaturereserve.ie\/dad-goes-missing\/\">T\u00e1 Daid\u00ed ar iarraidh<\/a> <a href=\"https:\/\/www.glengarriffnaturereserve.ie\/younger-chick-dies\/\">Faigheann an sic\u00edn \u00f3g b\u00e1s<\/a> <a href=\"https:\/\/www.glengarriffnaturereserve.ie\/eaglecam-on-rte-six-one-news\/\">Eaglecam ar RT\u00c9 Six One News <\/a> <\/p>\n<p><em>Comhthionscnamh idir an tSeirbh\u00eds P\u00e1irceanna N\u00e1isi\u00fanta &amp; Fiadh\u00falra agus an Golden Eagle Trust i gcomhar le Norsk Institutt for Naturforskning (NINA) agus Norwegian Ornithological Society is ea an tionscadal athbhunaithe Iolair Mhara. T\u00e1 an tionscadal \u00e1 bhainisti\u00fa ag an Dr Allan Mee.<\/em><\/p>\n<p><strong>RT\u00c9 Six One News \u2013 28 Aibre\u00e1n 2020<\/strong><br \/>\n<iframe loading=\"lazy\" style=\"max-width: 100%;\" title=\"Goir na n-iolar neamhchoitianta le feice\u00e1il ar cheamara gr\u00e9as\u00e1in beo - YouTube\" src=\"https:\/\/www.youtube.com\/embed\/vHLKXh_jNmo\" width=\"1280\" height=\"720\" frameborder=\"0\" allowfullscreen=\"allowfullscreen\"><\/iframe><\/p>\n<p>&nbsp;<\/p>\n<h2 style=\"font-size: 1.1em;\">Gearrth\u00f3ga Gn\u00edomha\u00edochta:<\/h2>\n<p><strong>23 Feabhra 2020:<\/strong> San fh\u00edse\u00e1n gearr seo is f\u00e9idir an ceann fireann a fheice\u00e1il ag tabhairt iasc don chean baineann c\u00fapla l\u00e1 sular rug s\u00ed ubh. Sa bp\u00edosa scann\u00e1in neamhchoitianta seo feictear ag \u2018iarraidh d\u00e9irce\u2019 \u00ed, iompar \u00f3g\u00e1nach de ghn\u00e1th ach sa chomhth\u00e9acs seo is d\u00f3cha gur cuid de dheasghn\u00e1th ceangail agus c\u00fairt\u00e9ireachta \u00e9.<\/p>\n<div style=\"width: 640px;\" class=\"wp-video\"><video class=\"wp-video-shortcode\" id=\"video-472-1\" width=\"640\" height=\"360\" preload=\"metadata\" controls=\"controls\"><source type=\"video\/mp4\" src=\"https:\/\/www.glengarriffnaturereserve.ie\/wp-content\/uploads\/2020\/04\/Eaglebringingfishtofemale.mp4?_=1\" \/><a href=\"https:\/\/www.glengarriffnaturereserve.ie\/wp-content\/uploads\/2020\/04\/Eaglebringingfishtofemale.mp4\">https:\/\/www.glengarriffnaturereserve.ie\/wp-content\/uploads\/2020\/04\/Eaglebringingfishtofemale.mp4<\/a><\/video><\/div>\n<p>&nbsp;<\/p>\n<p><strong>15 Aibre\u00e1n, 2020 11:19 r.n:<\/strong> Tugann iompar an chinn bhaininn le fios go bhfuil goir ar t\u00ed tarl\u00fa: is iond\u00fail go roinneann na h\u00e9in fh\u00e1sta dualgais goir ach ar an d\u00e1ta seo bh\u00ed s\u00ed an-chosanta faoin nead agus n\u00edor lig s\u00ed don cheann fireann su\u00ed ar an nead, ach amh\u00e1in nuair a th\u00f3g s\u00ed sos c\u00faig n\u00f3im\u00e9ad ag am l\u00f3in. Taispe\u00e1nann an ghearrth\u00f3g seo \u00ed ag &#8216;cosaint&#8217; an chup\u00e1in uibhe \u00f3n gceann fireann agus mar sin im\u00edonn s\u00e9 leis ar\u00eds.<\/p>\n<div style=\"width: 640px;\" class=\"wp-video\"><video class=\"wp-video-shortcode\" id=\"video-472-2\" width=\"640\" height=\"360\" preload=\"metadata\" controls=\"controls\"><source type=\"video\/mp4\" src=\"https:\/\/www.glengarriffnaturereserve.ie\/wp-content\/uploads\/2020\/04\/femalebeing-protective.mp4?_=2\" \/><a href=\"https:\/\/www.glengarriffnaturereserve.ie\/wp-content\/uploads\/2020\/04\/femalebeing-protective.mp4\">https:\/\/www.glengarriffnaturereserve.ie\/wp-content\/uploads\/2020\/04\/femalebeing-protective.mp4<\/a><\/video><\/div>\n<p>&nbsp;<\/p>\n<p><strong>15 Aibre\u00e1n 2020 \u2013 6:52pm<\/strong><\/p>\n<p>An ch\u00e9ad radharc soil\u00e9ir ar an sic\u00edn! Th\u00e1inig an sic\u00edn amach am \u00e9igin ar an 15 Aibre\u00e1n, ach t\u00f3gann s\u00e9 tamall ar an sic\u00edn an neart a fh\u00e1il chun a cheann a ard\u00fa ionas go bhfeicfear sa nead \u00e9. Sa ghearrth\u00f3g seo go luath sa tr\u00e1thn\u00f3na, is f\u00e9idir cloigeann gruama, cl\u00famhach an tsic\u00edn a fheice\u00e1il ag titim na ho\u00edche.<\/p>\n<div style=\"width: 640px;\" class=\"wp-video\"><video class=\"wp-video-shortcode\" id=\"video-472-3\" width=\"640\" height=\"360\" preload=\"metadata\" controls=\"controls\"><source type=\"video\/mp4\" src=\"https:\/\/www.glengarriffnaturereserve.ie\/wp-content\/uploads\/2020\/04\/ChickActionDay1.mp4?_=3\" \/><a href=\"https:\/\/www.glengarriffnaturereserve.ie\/wp-content\/uploads\/2020\/04\/ChickActionDay1.mp4\">https:\/\/www.glengarriffnaturereserve.ie\/wp-content\/uploads\/2020\/04\/ChickActionDay1.mp4<\/a><\/video><\/div>\n<p>&nbsp;<\/p>\n<p><strong>16 Aibre\u00e1n 2020 \u2013 6:46rn<\/strong><\/p>\n<p>An ch\u00e9ad bheath\u00fa! D\u2019fhan an ceann baineann ag tabhairt aire don sic\u00edn ar feadh na ho\u00edche agus go luath tar \u00e9is bhreacadh an lae is f\u00e9idir \u00ed a fheice\u00e1il ag beath\u00fa an tsic\u00edn. De r\u00e9ir mar a chuaigh an l\u00e1 ar aghaidh, ghlac an ceann fireann agus an ceann baineann sealanna ar gor agus ag beath\u00fa an tsic\u00edn. Ag 2:30pm is f\u00e9idir an ceann fireann a fheice\u00e1il ag tabhairt m\u00edr mh\u00f3r dhorcha chreiche chuig an nead, ar tugadh le fios ina dhiaidh sin gur \u00e9an mara (cros\u00e1n n\u00f3 foracha) a bh\u00ed ann.<\/p>\n<div style=\"width: 640px;\" class=\"wp-video\"><video class=\"wp-video-shortcode\" id=\"video-472-4\" width=\"640\" height=\"360\" preload=\"metadata\" controls=\"controls\"><source type=\"video\/mp4\" src=\"https:\/\/www.glengarriffnaturereserve.ie\/wp-content\/uploads\/2020\/04\/firstfeed.mp4?_=4\" \/><a href=\"https:\/\/www.glengarriffnaturereserve.ie\/wp-content\/uploads\/2020\/04\/firstfeed.mp4\">https:\/\/www.glengarriffnaturereserve.ie\/wp-content\/uploads\/2020\/04\/firstfeed.mp4<\/a><\/video><\/div>\n<p>&nbsp;<\/p>\n<p><strong>17 Aibre\u00e1n 2020 \u2013 6:52am<\/strong><\/p>\n<p>Bia \u00e1 seachadadh! Thug Daid iasc go dt\u00ed an nead go luath ar maidin, ach nuair a arda\u00edonn Mama P chun buaileadh leis titeann an t-iasc uaidh agus titeann s\u00e9 amach as an nead. N\u00edl s\u00ed s\u00e1sta!<\/p>\n<div style=\"width: 640px;\" class=\"wp-video\"><video class=\"wp-video-shortcode\" id=\"video-472-5\" width=\"640\" height=\"360\" preload=\"metadata\" controls=\"controls\"><source type=\"video\/mp4\" src=\"https:\/\/www.glengarriffnaturereserve.ie\/wp-content\/uploads\/2020\/04\/fishdrop.mp4?_=5\" \/><a href=\"https:\/\/www.glengarriffnaturereserve.ie\/wp-content\/uploads\/2020\/04\/fishdrop.mp4\">https:\/\/www.glengarriffnaturereserve.ie\/wp-content\/uploads\/2020\/04\/fishdrop.mp4<\/a><\/video><\/div>\n<p>&nbsp;<\/p>\n<p><strong>19 Aibre\u00e1n 2020 \u2013 9:27am<\/strong><\/p>\n<p>Ar an Domhnach 19 Aibre\u00e1n bh\u00ed an-\u00e1thas orainn an dara sic\u00edn a fheice\u00e1il. Seo daid\u00ed go c\u00faramach ag t\u00f3g\u00e1il leath den bhlaosc uibhe as an nead.<\/p>\n<div style=\"width: 640px;\" class=\"wp-video\"><video class=\"wp-video-shortcode\" id=\"video-472-6\" width=\"640\" height=\"360\" preload=\"metadata\" controls=\"controls\"><source type=\"video\/mp4\" src=\"https:\/\/www.glengarriffnaturereserve.ie\/wp-content\/uploads\/2020\/04\/W_eggshell_Trim.mp4?_=6\" \/><a href=\"https:\/\/www.glengarriffnaturereserve.ie\/wp-content\/uploads\/2020\/04\/W_eggshell_Trim.mp4\">https:\/\/www.glengarriffnaturereserve.ie\/wp-content\/uploads\/2020\/04\/W_eggshell_Trim.mp4<\/a><\/video><\/div>\n<p>&nbsp;<\/p>\n<p><strong>22 Aibre\u00e1n 2020 \u2013 9:31am<\/strong><\/p>\n<p>Bh\u00ed iontas ar Dhaid\u00ed leis an bpleidhc\u00edocht a bh\u00ed ar fh\u00edogach a thug s\u00e9 go dt\u00ed an nead uair an chloig roimhe sin. . . #freshfish<\/p>\n<div style=\"width: 640px;\" class=\"wp-video\"><video class=\"wp-video-shortcode\" id=\"video-472-7\" width=\"640\" height=\"360\" preload=\"metadata\" controls=\"controls\"><source type=\"video\/mp4\" src=\"https:\/\/www.glengarriffnaturereserve.ie\/wp-content\/uploads\/2020\/04\/Live-dogfish-in-nest-gives-W-a-surprise_22-04-2020_093037_22-04-2020_093138_00.mp4?_=7\" \/><a href=\"https:\/\/www.glengarriffnaturereserve.ie\/wp-content\/uploads\/2020\/04\/Live-dogfish-in-nest-gives-W-a-surprise_22-04-2020_093037_22-04-2020_093138_00.mp4\">https:\/\/www.glengarriffnaturereserve.ie\/wp-content\/uploads\/2020\/04\/Live-dogfish-in-nest-gives-W-a-surprise_22-04-2020_093037_22-04-2020_093138_00.mp4<\/a><\/video><\/div>\n<p>&nbsp;<\/p>\n<p><strong>23 Aibre\u00e1n 2020 \u2013 ar maidin<\/strong><\/p>\n<p>De r\u00e9ir mar a fh\u00e1sann agus a \u00e9ir\u00edonn an d\u00e1 sic\u00edn n\u00edos l\u00e1idre t\u00e1 s\u00e9 n\u00edos \u00e9asca an d\u00e1 chloigeann a fheice\u00e1il agus a dtuismitheoir\u00ed \u00e1 gcoth\u00fa. Go dt\u00ed seo is iad iasc agus \u00e9in mhara na pr\u00edomh-ainmhithe creiche.<\/p>\n<div style=\"width: 640px;\" class=\"wp-video\"><video class=\"wp-video-shortcode\" id=\"video-472-8\" width=\"640\" height=\"360\" preload=\"metadata\" controls=\"controls\"><source type=\"video\/mp4\" src=\"https:\/\/www.glengarriffnaturereserve.ie\/wp-content\/uploads\/2020\/04\/chicksbeingfed23-4-20.mp4?_=8\" \/><a href=\"https:\/\/www.glengarriffnaturereserve.ie\/wp-content\/uploads\/2020\/04\/chicksbeingfed23-4-20.mp4\">https:\/\/www.glengarriffnaturereserve.ie\/wp-content\/uploads\/2020\/04\/chicksbeingfed23-4-20.mp4<\/a><\/video><\/div>\n<p>&nbsp;<\/p>\n<p><em>Bu\u00edochas le hOifig na nOibreacha Poibl\u00ed as cead an ceamara a chur suas ar a dtalamh agus leis an Dr Allan Mee (Bainisteoir Tionscadail an Iolair Mhara) as comhairle agus taca\u00edocht a thabhairt. Ceamara suite\u00e1ilte ag Bandwidth Communications faoi chead\u00fanas \u00f3n tSeirbh\u00eds P\u00e1irceanna N\u00e1isi\u00fanta &amp; Fiadh\u00falra. <\/em><\/p>\n<p><em>Le tuilleadh eolais a fh\u00e1il faoin iolar mara in \u00c9irinn agus ar stair an chl\u00e1ir athbhunaithe: <a href=\"http:\/\/www.goldeneagle.ie\/\">Iolar Fir\u00e9an<\/a><\/em><\/p>\n<p><em>Chun eolas a fh\u00e1il ar Oile\u00e1n an Chuilinn, at\u00e1 \u00e1 bhainisti\u00fa ag an OPW: <a href=\"https:\/\/garinishisland.ie\/\">Oile\u00e1n an Chuilinn<\/a><\/em><\/p>\n","protected":false},"excerpt":{"rendered":"<p>Shocraigh an tSeirbh\u00eds P\u00e1irceanna N\u00e1isi\u00fanta agus Fiadh\u00falra suas an ceamara gr\u00e9as\u00e1in beo-sruthaithe seo chun monat\u00f3ireacht a dh\u00e9anamh ar ph\u00e9ire iolair mhara a bh\u00ed ag p\u00f3r\u00fa i gContae Chorca\u00ed. Bh\u00ed an t-iolar mara d\u00edothaithe in \u00c9irinn breis is 100 bliain \u00f3 shin ach tugadh ar ais iad mar chuid de chl\u00e1r athbhunaithe: \u00f3 2007 go 2011&#8230; <\/p>\n","protected":false},"author":5,"featured_media":425,"parent":0,"menu_order":0,"comment_status":"closed","ping_status":"closed","template":"full-width.php","meta":{"footnotes":""},"class_list":["post-472","page","type-page","status-publish","has-post-thumbnail","hentry"],"yoast_head":"<!-- This site is optimized with the Yoast SEO plugin v27.3 - https:\/\/yoast.com\/product\/yoast-seo-wordpress\/ -->\n<title>Ceamara Gr\u00e9as\u00e1in an Iolair Mhara - Anaclann D\u00falra an Ghleanna Ghairbh<\/title>\n<meta name=\"robots\" content=\"index, follow, max-snippet:-1, max-image-preview:large, max-video-preview:-1\" \/>\n<link rel=\"canonical\" href=\"https:\/\/www.glengarriffnaturereserve.ie\/ga\/ceamara-greasain-an-iolair-mhara\/\" \/>\n<meta property=\"og:locale\" content=\"ga_IE\" \/>\n<meta property=\"og:type\" content=\"article\" \/>\n<meta property=\"og:title\" content=\"Ceamara Gr\u00e9as\u00e1in an Iolair Mhara - Anaclann D\u00falra an Ghleanna Ghairbh\" \/>\n<meta property=\"og:description\" content=\"Shocraigh an tSeirbh\u00eds P\u00e1irceanna N\u00e1isi\u00fanta agus Fiadh\u00falra suas an ceamara gr\u00e9as\u00e1in beo-sruthaithe seo chun monat\u00f3ireacht a dh\u00e9anamh ar ph\u00e9ire iolair mhara a bh\u00ed ag p\u00f3r\u00fa i gContae Chorca\u00ed. Bh\u00ed an t-iolar mara d\u00edothaithe in \u00c9irinn breis is 100 bliain \u00f3 shin ach tugadh ar ais iad mar chuid de chl\u00e1r athbhunaithe: \u00f3 2007 go 2011...\" \/>\n<meta property=\"og:url\" content=\"https:\/\/www.glengarriffnaturereserve.ie\/ga\/ceamara-greasain-an-iolair-mhara\/\" \/>\n<meta property=\"og:site_name\" content=\"Anaclann D\u00falra an Ghleanna Ghairbh\" \/>\n<meta property=\"article:publisher\" content=\"https:\/\/www.facebook.com\/GlengarriffWoodsNatureReserve\" \/>\n<meta property=\"article:modified_time\" content=\"2026-01-07T14:06:40+00:00\" \/>\n<meta property=\"og:image\" content=\"https:\/\/www.glengarriffnaturereserve.ie\/wp-content\/uploads\/2020\/04\/WebStillEAgle.jpg\" \/>\n\t<meta property=\"og:image:width\" content=\"677\" \/>\n\t<meta property=\"og:image:height\" content=\"380\" \/>\n\t<meta property=\"og:image:type\" content=\"image\/jpeg\" \/>\n<meta name=\"twitter:card\" content=\"summary_large_image\" \/>\n<meta name=\"twitter:site\" content=\"@GlengarriffWood\" \/>\n<meta name=\"twitter:label1\" content=\"Est. reading time\" \/>\n\t<meta name=\"twitter:data1\" content=\"5 minutes\" \/>\n<script type=\"application\/ld+json\" class=\"yoast-schema-graph\">{\"@context\":\"https:\\\/\\\/schema.org\",\"@graph\":[{\"@type\":\"WebPage\",\"@id\":\"https:\\\/\\\/www.glengarriffnaturereserve.ie\\\/ga\\\/ceamara-greasain-an-iolair-mhara\\\/\",\"url\":\"https:\\\/\\\/www.glengarriffnaturereserve.ie\\\/ga\\\/ceamara-greasain-an-iolair-mhara\\\/\",\"name\":\"Ceamara Gr\u00e9as\u00e1in an Iolair Mhara - Anaclann D\u00falra an Ghleanna Ghairbh\",\"isPartOf\":{\"@id\":\"https:\\\/\\\/www.glengarriffnaturereserve.ie\\\/ga\\\/#website\"},\"primaryImageOfPage\":{\"@id\":\"https:\\\/\\\/www.glengarriffnaturereserve.ie\\\/ga\\\/ceamara-greasain-an-iolair-mhara\\\/#primaryimage\"},\"image\":{\"@id\":\"https:\\\/\\\/www.glengarriffnaturereserve.ie\\\/ga\\\/ceamara-greasain-an-iolair-mhara\\\/#primaryimage\"},\"thumbnailUrl\":\"https:\\\/\\\/www.glengarriffnaturereserve.ie\\\/wp-content\\\/uploads\\\/2020\\\/04\\\/WebStillEAgle.jpg\",\"datePublished\":\"2020-04-09T10:19:17+00:00\",\"dateModified\":\"2026-01-07T14:06:40+00:00\",\"breadcrumb\":{\"@id\":\"https:\\\/\\\/www.glengarriffnaturereserve.ie\\\/ga\\\/ceamara-greasain-an-iolair-mhara\\\/#breadcrumb\"},\"inLanguage\":\"ga-IE\",\"potentialAction\":[{\"@type\":\"ReadAction\",\"target\":[\"https:\\\/\\\/www.glengarriffnaturereserve.ie\\\/ga\\\/ceamara-greasain-an-iolair-mhara\\\/\"]}]},{\"@type\":\"ImageObject\",\"inLanguage\":\"ga-IE\",\"@id\":\"https:\\\/\\\/www.glengarriffnaturereserve.ie\\\/ga\\\/ceamara-greasain-an-iolair-mhara\\\/#primaryimage\",\"url\":\"https:\\\/\\\/www.glengarriffnaturereserve.ie\\\/wp-content\\\/uploads\\\/2020\\\/04\\\/WebStillEAgle.jpg\",\"contentUrl\":\"https:\\\/\\\/www.glengarriffnaturereserve.ie\\\/wp-content\\\/uploads\\\/2020\\\/04\\\/WebStillEAgle.jpg\",\"width\":677,\"height\":380},{\"@type\":\"BreadcrumbList\",\"@id\":\"https:\\\/\\\/www.glengarriffnaturereserve.ie\\\/ga\\\/ceamara-greasain-an-iolair-mhara\\\/#breadcrumb\",\"itemListElement\":[{\"@type\":\"ListItem\",\"position\":1,\"name\":\"Home\",\"item\":\"https:\\\/\\\/www.glengarriffnaturereserve.ie\\\/ga\\\/\"},{\"@type\":\"ListItem\",\"position\":2,\"name\":\"Ceamara Gr\u00e9as\u00e1in an Iolair Mhara\"}]},{\"@type\":\"WebSite\",\"@id\":\"https:\\\/\\\/www.glengarriffnaturereserve.ie\\\/ga\\\/#website\",\"url\":\"https:\\\/\\\/www.glengarriffnaturereserve.ie\\\/ga\\\/\",\"name\":\"Anaclann D\u00falra an Ghleanna Ghairbh\",\"description\":\"\",\"potentialAction\":[{\"@type\":\"SearchAction\",\"target\":{\"@type\":\"EntryPoint\",\"urlTemplate\":\"https:\\\/\\\/www.glengarriffnaturereserve.ie\\\/ga\\\/?s={search_term_string}\"},\"query-input\":{\"@type\":\"PropertyValueSpecification\",\"valueRequired\":true,\"valueName\":\"search_term_string\"}}],\"inLanguage\":\"ga-IE\"}]}<\/script>\n<!-- \/ Yoast SEO plugin. -->","yoast_head_json":{"title":"Ceamara Gr\u00e9as\u00e1in an Iolair Mhara - Anaclann D\u00falra an Ghleanna Ghairbh","robots":{"index":"index","follow":"follow","max-snippet":"max-snippet:-1","max-image-preview":"max-image-preview:large","max-video-preview":"max-video-preview:-1"},"canonical":"https:\/\/www.glengarriffnaturereserve.ie\/ga\/ceamara-greasain-an-iolair-mhara\/","og_locale":"ga_IE","og_type":"article","og_title":"Ceamara Gr\u00e9as\u00e1in an Iolair Mhara - Anaclann D\u00falra an Ghleanna Ghairbh","og_description":"Shocraigh an tSeirbh\u00eds P\u00e1irceanna N\u00e1isi\u00fanta agus Fiadh\u00falra suas an ceamara gr\u00e9as\u00e1in beo-sruthaithe seo chun monat\u00f3ireacht a dh\u00e9anamh ar ph\u00e9ire iolair mhara a bh\u00ed ag p\u00f3r\u00fa i gContae Chorca\u00ed. Bh\u00ed an t-iolar mara d\u00edothaithe in \u00c9irinn breis is 100 bliain \u00f3 shin ach tugadh ar ais iad mar chuid de chl\u00e1r athbhunaithe: \u00f3 2007 go 2011...","og_url":"https:\/\/www.glengarriffnaturereserve.ie\/ga\/ceamara-greasain-an-iolair-mhara\/","og_site_name":"Anaclann D\u00falra an Ghleanna Ghairbh","article_publisher":"https:\/\/www.facebook.com\/GlengarriffWoodsNatureReserve","article_modified_time":"2026-01-07T14:06:40+00:00","og_image":[{"width":677,"height":380,"url":"https:\/\/www.glengarriffnaturereserve.ie\/wp-content\/uploads\/2020\/04\/WebStillEAgle.jpg","type":"image\/jpeg"}],"twitter_card":"summary_large_image","twitter_site":"@GlengarriffWood","twitter_misc":{"Est. reading time":"5 minutes"},"schema":{"@context":"https:\/\/schema.org","@graph":[{"@type":"WebPage","@id":"https:\/\/www.glengarriffnaturereserve.ie\/ga\/ceamara-greasain-an-iolair-mhara\/","url":"https:\/\/www.glengarriffnaturereserve.ie\/ga\/ceamara-greasain-an-iolair-mhara\/","name":"Ceamara Gr\u00e9as\u00e1in an Iolair Mhara - Anaclann D\u00falra an Ghleanna Ghairbh","isPartOf":{"@id":"https:\/\/www.glengarriffnaturereserve.ie\/ga\/#website"},"primaryImageOfPage":{"@id":"https:\/\/www.glengarriffnaturereserve.ie\/ga\/ceamara-greasain-an-iolair-mhara\/#primaryimage"},"image":{"@id":"https:\/\/www.glengarriffnaturereserve.ie\/ga\/ceamara-greasain-an-iolair-mhara\/#primaryimage"},"thumbnailUrl":"https:\/\/www.glengarriffnaturereserve.ie\/wp-content\/uploads\/2020\/04\/WebStillEAgle.jpg","datePublished":"2020-04-09T10:19:17+00:00","dateModified":"2026-01-07T14:06:40+00:00","breadcrumb":{"@id":"https:\/\/www.glengarriffnaturereserve.ie\/ga\/ceamara-greasain-an-iolair-mhara\/#breadcrumb"},"inLanguage":"ga-IE","potentialAction":[{"@type":"ReadAction","target":["https:\/\/www.glengarriffnaturereserve.ie\/ga\/ceamara-greasain-an-iolair-mhara\/"]}]},{"@type":"ImageObject","inLanguage":"ga-IE","@id":"https:\/\/www.glengarriffnaturereserve.ie\/ga\/ceamara-greasain-an-iolair-mhara\/#primaryimage","url":"https:\/\/www.glengarriffnaturereserve.ie\/wp-content\/uploads\/2020\/04\/WebStillEAgle.jpg","contentUrl":"https:\/\/www.glengarriffnaturereserve.ie\/wp-content\/uploads\/2020\/04\/WebStillEAgle.jpg","width":677,"height":380},{"@type":"BreadcrumbList","@id":"https:\/\/www.glengarriffnaturereserve.ie\/ga\/ceamara-greasain-an-iolair-mhara\/#breadcrumb","itemListElement":[{"@type":"ListItem","position":1,"name":"Home","item":"https:\/\/www.glengarriffnaturereserve.ie\/ga\/"},{"@type":"ListItem","position":2,"name":"Ceamara Gr\u00e9as\u00e1in an Iolair Mhara"}]},{"@type":"WebSite","@id":"https:\/\/www.glengarriffnaturereserve.ie\/ga\/#website","url":"https:\/\/www.glengarriffnaturereserve.ie\/ga\/","name":"Anaclann D\u00falra an Ghleanna Ghairbh","description":"","potentialAction":[{"@type":"SearchAction","target":{"@type":"EntryPoint","urlTemplate":"https:\/\/www.glengarriffnaturereserve.ie\/ga\/?s={search_term_string}"},"query-input":{"@type":"PropertyValueSpecification","valueRequired":true,"valueName":"search_term_string"}}],"inLanguage":"ga-IE"}]}},"_links":{"self":[{"href":"https:\/\/www.glengarriffnaturereserve.ie\/ga\/wp-json\/wp\/v2\/pages\/472","targetHints":{"allow":["GET"]}}],"collection":[{"href":"https:\/\/www.glengarriffnaturereserve.ie\/ga\/wp-json\/wp\/v2\/pages"}],"about":[{"href":"https:\/\/www.glengarriffnaturereserve.ie\/ga\/wp-json\/wp\/v2\/types\/page"}],"author":[{"embeddable":true,"href":"https:\/\/www.glengarriffnaturereserve.ie\/ga\/wp-json\/wp\/v2\/users\/5"}],"replies":[{"embeddable":true,"href":"https:\/\/www.glengarriffnaturereserve.ie\/ga\/wp-json\/wp\/v2\/comments?post=472"}],"version-history":[{"count":2,"href":"https:\/\/www.glengarriffnaturereserve.ie\/ga\/wp-json\/wp\/v2\/pages\/472\/revisions"}],"predecessor-version":[{"id":883,"href":"https:\/\/www.glengarriffnaturereserve.ie\/ga\/wp-json\/wp\/v2\/pages\/472\/revisions\/883"}],"wp:featuredmedia":[{"embeddable":true,"href":"https:\/\/www.glengarriffnaturereserve.ie\/ga\/wp-json\/wp\/v2\/media\/425"}],"wp:attachment":[{"href":"https:\/\/www.glengarriffnaturereserve.ie\/ga\/wp-json\/wp\/v2\/media?parent=472"}],"curies":[{"name":"wp","href":"https:\/\/api.w.org\/{rel}","templated":true}]}}