{"id":475,"date":"2020-04-09T11:45:42","date_gmt":"2020-04-09T11:45:42","guid":{"rendered":"https:\/\/www.glengarriffnaturereserve.ie\/stair-iolair-an-ghleanna-ghairbh\/"},"modified":"2020-04-09T11:45:42","modified_gmt":"2020-04-09T11:45:42","slug":"stair-iolair-an-ghleanna-ghairbh","status":"publish","type":"page","link":"https:\/\/www.glengarriffnaturereserve.ie\/ga\/stair-iolair-an-ghleanna-ghairbh\/","title":{"rendered":"Stair Iolair an Ghleanna Ghairbh"},"content":{"rendered":"<div id=\"attachment_154\" style=\"width: 417px\" class=\"wp-caption alignright\"><img loading=\"lazy\" decoding=\"async\" aria-describedby=\"caption-attachment-154\" class=\"wp-image-154\" src=\"https:\/\/www.glengarriffnaturereserve.ie\/wp-content\/uploads\/2020\/04\/Love-birds-D-W_PeggyOSullivan-300x157.jpg\" alt=\"P\u00e9ire Iolar an Ghleanna Ghairbh\" width=\"407\" height=\"213\" srcset=\"https:\/\/www.glengarriffnaturereserve.ie\/wp-content\/uploads\/2020\/04\/Love-birds-D-W_PeggyOSullivan-300x157.jpg 300w, https:\/\/www.glengarriffnaturereserve.ie\/wp-content\/uploads\/2020\/04\/Love-birds-D-W_PeggyOSullivan-1024x536.jpg 1024w, https:\/\/www.glengarriffnaturereserve.ie\/wp-content\/uploads\/2020\/04\/Love-birds-D-W_PeggyOSullivan-768x402.jpg 768w, https:\/\/www.glengarriffnaturereserve.ie\/wp-content\/uploads\/2020\/04\/Love-birds-D-W_PeggyOSullivan-1536x804.jpg 1536w, https:\/\/www.glengarriffnaturereserve.ie\/wp-content\/uploads\/2020\/04\/Love-birds-D-W_PeggyOSullivan-2048x1072.jpg 2048w\" sizes=\"auto, (max-width: 407px) 100vw, 407px\" \/><p id=\"caption-attachment-154\" class=\"wp-caption-text\">P\u00e9ire Iolar an Ghleanna Ghairbh (Peggy O&#8217;Sullivan)<\/p><\/div>\n<p>Ag deireadh mh\u00ed L\u00fanasa 2012, chonacthas p\u00e9ire iolar \u00f3g ar oile\u00e1n i gCuan an Ghleanna Ghairbh. Rinne an ch\u00e9ad ph\u00e9ire seo, Green D agus Blue J, a nead ag t\u00fas na bliana 2013, ach n\u00edor rug siad ubh. N\u00edorbh aon ionadh \u00e9, mar nach s\u00edolra\u00edonn iolair mhara go dt\u00ed go mbeidh siad 4 n\u00f3 5 bliana d\u2019aois go hiond\u00fail, agus is minic a theipeann ar na ch\u00e9ad iarrachta\u00ed chun s\u00edolr\u00fa a dh\u00e9anamh.<\/p>\n<p>D\u2019imigh Blue J gan t\u00e1sc gan tuairisc thart ar an Athbhliain in 2014, agus glacadh leis go bhfuair s\u00e9 b\u00e1s. Th\u00e1inig iolar fireann nua ar an l\u00e1thair nach m\u00f3r ar an bpointe, \u00e1fach, agus ch\u00fapl\u00e1il s\u00e9 leis an gceann baineann. In 2014, d\u2019\u00e9irigh leo ubh a bhreith ar th\u00e1inig \u00e9an \u00f3g as, ach ar an drochuair, bh\u00e1saigh s\u00e9 nuair a bh\u00ed s\u00e9 coic\u00eds d\u2019aois n\u00f3 mar sin, le linn tr\u00e9imhse fh\u00edor-dhrochaimsire.<\/p>\n<p>Bh\u00ed an chuma ar an sc\u00e9al go raibh ag \u00e9ir\u00ed go maith le c\u00farsa\u00ed in 2015, agus cuireadh clib ar sciath\u00e1n a n-aon \u00e9in \u00f3ig nuair a bh\u00ed s\u00e9 9 seachtaine d\u2019aois (sa l\u00e1r ar dheis sa phicti\u00far). Faraor, bh\u00e1saigh s\u00e9 tuairim is seachtain i ndiaidh sin. D\u2019fhan na tuismitheoir\u00ed leis go ceann ch\u00f3ir a bheith dh\u00e1 l\u00e1, go dt\u00ed gur dhreap Allan Mee (Bainisteoir Thionscadal na nIolar Mara) suas chuig an nead chun an corp a fh\u00e1il. Th\u00e1inig s\u00e9 chun solais de thoradh an scr\u00fadaithe iarbh\u00e1is gur thacht s\u00e9 ar<\/p>\n<div id=\"attachment_85\" style=\"width: 417px\" class=\"wp-caption alignright\"><img loading=\"lazy\" decoding=\"async\" aria-describedby=\"caption-attachment-85\" class=\"wp-image-85\" style=\"color: #333333; float: right; font-family: \" roboto\",arial; font-size: 16px; font-style: normal; font-variant: normal; font-weight: 400; height: auto; letter-spacing: normal; max-width: 100%; orphans: 2; outline-color: #72777c; outline-style: solid; outline-width: 1px; text-align: left; text-decoration: none; text-indent: 0px; text-transform: none; -webkit-text-stroke-width: 0px; white-space: normal; word-spacing: 0px; margin: 0.5em 0px 0.5em 1em;\" src=\"https:\/\/www.glengarriffnaturereserve.ie\/wp-content\/uploads\/2018\/01\/white-tailed-eagle-300x163.jpg\" alt=\"\u00c9an \u00f3g \u00e1 chlibe\u00e1il\" width=\"407\" height=\"221\" srcset=\"https:\/\/www.glengarriffnaturereserve.ie\/wp-content\/uploads\/2018\/01\/white-tailed-eagle-300x163.jpg 300w, https:\/\/www.glengarriffnaturereserve.ie\/wp-content\/uploads\/2018\/01\/white-tailed-eagle-768x417.jpg 768w, https:\/\/www.glengarriffnaturereserve.ie\/wp-content\/uploads\/2018\/01\/white-tailed-eagle-1024x556.jpg 1024w\" sizes=\"auto, (max-width: 407px) 100vw, 407px\" \/><p id=\"caption-attachment-85\" class=\"wp-caption-text\">\u00c9an \u00f3g \u00e1 chlibe\u00e1il in 2015 (Tony Nagle)<\/p><\/div>\n<p>chuairc\u00edn cleit\u00ed eireabaill coirbhidigh.<\/p>\n<p>Sa bhliain 2016, tharla s\u00e9 ar\u00eds gur th\u00f3g an p\u00e9ire ilr\u00edn fireann amh\u00e1in. Bh\u00ed cine\u00e1l moill air \u00f3 thaobh forbartha de, ach d\u2019\u00e9irigh leis cleiti\u00fa agus \u00e9 14 seachtaine d\u2019aois. Chaith s\u00e9 c\u00fapla m\u00ed timpeall l\u00e1thair na neide, \u00e1 bheath\u00fa ag a thuismitheoir\u00ed, go dt\u00ed gur \u00e9irigh s\u00e9 neamhsple\u00e1ch agus gur fh\u00e1g s\u00e9 an ceantar i m\u00ed na Samhna 2016. Chaith Eddie an-chuid ama i Co. Chiarra\u00ed, agus chonacthas \u00e9 \u00f3 na tr\u00e1nna ar U\u00edbh R\u00e1thach agus ar Chorca Dhuibhne, cuairt chuig na Blascaoda\u00ed san \u00e1ireamh. Ar an drochuair, th\u00e1ngthas ar chorp Eddie i gCorca Dhuibhne in earrach na bliana 2018. N\u00edor deimhn\u00edodh c\u00fais a bh\u00e1is.<\/p>\n<p>Bh\u00ed an m\u00ed-\u00e1dh ag rith leis an bp\u00e9ire iolar, agus bh\u00e1saigh a gcuid ilr\u00edn\u00ed sa bhliain 2017 le linn babhta drochaimsire, gan iad ach thart ar 3 seachtaine d\u2019aois.<\/p>\n<p>Sa bhliain 2018, chuir dh\u00e1 \u00e9an baineann neamhph\u00e9ire\u00e1ilte (P agus 7 dot) f\u00fathu c\u00fapla cilim\u00e9adar uaidh sin agus rinne siad nead. Ch\u00fapl\u00e1il an fireannach W le ceann amh\u00e1in acu ar a laghad agus chabhraigh na huibheacha a ghoradh ina nead ar Gharinis agus sa nead nua. N\u00edor bheag an t-\u00e9acht \u00e9 iarracht a dh\u00e9anamh dh\u00e1 nead a choinne\u00e1il ag imeacht, agus c\u00e9 gur th\u00e1inig ilr\u00edn amach i gceann de na neadacha, ar deireadh thiar, theip ar an d\u00e1 nead.<\/p>\n<div id=\"attachment_120\" style=\"width: 417px\" class=\"wp-caption alignright\"><img loading=\"lazy\" decoding=\"async\" aria-describedby=\"caption-attachment-120\" class=\"wp-image-120\" src=\"https:\/\/www.glengarriffnaturereserve.ie\/wp-content\/uploads\/2018\/07\/Eddie-for-FB2-300x200.jpg\" alt=\"Eddie ag eitilt go gairid tar \u00e9is d\u00f3 cleiti\u00fa\" width=\"407\" height=\"200\"><p id=\"caption-attachment-120\" class=\"wp-caption-text\">Eddie ag eitilt go gairid tar \u00e9is d\u00f3 cleiti\u00fa in 2016 (Valerie O&#8217;Sullivan)<\/p><\/div>\n<p>Sa bhliain 2019, chuir ceann den d\u00e1 bhaineannach nua P an ruaig ar an mbaineannach D a bh\u00ed ar Gharinis i dtosach agus rug s\u00ed uibheacha ann. Ar an drochuair, bhuail Stoirm Hannah, a bh\u00ed dian go maith, c\u00fapla l\u00e1 tar \u00e9is don ilr\u00edn teacht amach, agus fuair s\u00e9 b\u00e1s. Bh\u00ed tionchar an-mh\u00f3r ag Stoirm Hannah ar l\u00edon na n-iolar in \u00c9irinn sa bhliain 2019, agus n\u00edor \u00e9irigh ach le p\u00e9ire amh\u00e1in sa t\u00edr \u00e9an \u00f3g a chleiti\u00fa.<\/p>\n<p>2020? T\u00e1 s\u00fail le Dia againn!<\/p>\n<p><strong><a href=\"https:\/\/www.glengarriffnaturereserve.ie\/ga\/ceamara-greasain-an-iolair-mhara\/\">F\u00e9ach ar bheoshruth den nead agus ar ghearrth\u00f3ga f\u00edse<\/a>.<\/strong><\/p>\n","protected":false},"excerpt":{"rendered":"<p>Ag deireadh mh\u00ed L\u00fanasa 2012, chonacthas p\u00e9ire iolar \u00f3g ar oile\u00e1n i gCuan an Ghleanna Ghairbh. Rinne an ch\u00e9ad ph\u00e9ire seo, Green D agus Blue J, a nead ag t\u00fas na bliana 2013, ach n\u00edor rug siad ubh. N\u00edorbh aon ionadh \u00e9, mar nach s\u00edolra\u00edonn iolair mhara go dt\u00ed go mbeidh siad 4 n\u00f3 5&#8230; <\/p>\n","protected":false},"author":5,"featured_media":0,"parent":0,"menu_order":0,"comment_status":"closed","ping_status":"closed","template":"no-sidebar.php","meta":{"footnotes":""},"class_list":["post-475","page","type-page","status-publish","hentry"],"yoast_head":"<!-- This site is optimized with the Yoast SEO plugin v27.5 - https:\/\/yoast.com\/product\/yoast-seo-wordpress\/ -->\n<title>Stair Iolair an Ghleanna Ghairbh - Anaclann D\u00falra an Ghleanna Ghairbh<\/title>\n<meta name=\"robots\" content=\"index, follow, max-snippet:-1, max-image-preview:large, max-video-preview:-1\" \/>\n<link rel=\"canonical\" href=\"https:\/\/www.glengarriffnaturereserve.ie\/ga\/stair-iolair-an-ghleanna-ghairbh\/\" \/>\n<meta property=\"og:locale\" content=\"ga_IE\" \/>\n<meta property=\"og:type\" content=\"article\" \/>\n<meta property=\"og:title\" content=\"Stair Iolair an Ghleanna Ghairbh - Anaclann D\u00falra an Ghleanna Ghairbh\" \/>\n<meta property=\"og:description\" content=\"Ag deireadh mh\u00ed L\u00fanasa 2012, chonacthas p\u00e9ire iolar \u00f3g ar oile\u00e1n i gCuan an Ghleanna Ghairbh. Rinne an ch\u00e9ad ph\u00e9ire seo, Green D agus Blue J, a nead ag t\u00fas na bliana 2013, ach n\u00edor rug siad ubh. N\u00edorbh aon ionadh \u00e9, mar nach s\u00edolra\u00edonn iolair mhara go dt\u00ed go mbeidh siad 4 n\u00f3 5...\" \/>\n<meta property=\"og:url\" content=\"https:\/\/www.glengarriffnaturereserve.ie\/ga\/stair-iolair-an-ghleanna-ghairbh\/\" \/>\n<meta property=\"og:site_name\" content=\"Anaclann D\u00falra an Ghleanna Ghairbh\" \/>\n<meta property=\"article:publisher\" content=\"https:\/\/www.facebook.com\/GlengarriffWoodsNatureReserve\" \/>\n<meta property=\"og:image\" content=\"https:\/\/www.glengarriffnaturereserve.ie\/wp-content\/uploads\/2020\/04\/Love-birds-D-W_PeggyOSullivan-300x157.jpg\" \/>\n<meta name=\"twitter:card\" content=\"summary_large_image\" \/>\n<meta name=\"twitter:site\" content=\"@GlengarriffWood\" \/>\n<meta name=\"twitter:label1\" content=\"Est. reading time\" \/>\n\t<meta name=\"twitter:data1\" content=\"3 minutes\" \/>\n<script type=\"application\/ld+json\" class=\"yoast-schema-graph\">{\"@context\":\"https:\\\/\\\/schema.org\",\"@graph\":[{\"@type\":\"WebPage\",\"@id\":\"https:\\\/\\\/www.glengarriffnaturereserve.ie\\\/ga\\\/stair-iolair-an-ghleanna-ghairbh\\\/\",\"url\":\"https:\\\/\\\/www.glengarriffnaturereserve.ie\\\/ga\\\/stair-iolair-an-ghleanna-ghairbh\\\/\",\"name\":\"Stair Iolair an Ghleanna Ghairbh - Anaclann D\u00falra an Ghleanna Ghairbh\",\"isPartOf\":{\"@id\":\"https:\\\/\\\/www.glengarriffnaturereserve.ie\\\/ga\\\/#website\"},\"primaryImageOfPage\":{\"@id\":\"https:\\\/\\\/www.glengarriffnaturereserve.ie\\\/ga\\\/stair-iolair-an-ghleanna-ghairbh\\\/#primaryimage\"},\"image\":{\"@id\":\"https:\\\/\\\/www.glengarriffnaturereserve.ie\\\/ga\\\/stair-iolair-an-ghleanna-ghairbh\\\/#primaryimage\"},\"thumbnailUrl\":\"https:\\\/\\\/www.glengarriffnaturereserve.ie\\\/wp-content\\\/uploads\\\/2020\\\/04\\\/Love-birds-D-W_PeggyOSullivan-300x157.jpg\",\"datePublished\":\"2020-04-09T11:45:42+00:00\",\"breadcrumb\":{\"@id\":\"https:\\\/\\\/www.glengarriffnaturereserve.ie\\\/ga\\\/stair-iolair-an-ghleanna-ghairbh\\\/#breadcrumb\"},\"inLanguage\":\"ga-IE\",\"potentialAction\":[{\"@type\":\"ReadAction\",\"target\":[\"https:\\\/\\\/www.glengarriffnaturereserve.ie\\\/ga\\\/stair-iolair-an-ghleanna-ghairbh\\\/\"]}]},{\"@type\":\"ImageObject\",\"inLanguage\":\"ga-IE\",\"@id\":\"https:\\\/\\\/www.glengarriffnaturereserve.ie\\\/ga\\\/stair-iolair-an-ghleanna-ghairbh\\\/#primaryimage\",\"url\":\"https:\\\/\\\/www.glengarriffnaturereserve.ie\\\/wp-content\\\/uploads\\\/2020\\\/04\\\/Love-birds-D-W_PeggyOSullivan-300x157.jpg\",\"contentUrl\":\"https:\\\/\\\/www.glengarriffnaturereserve.ie\\\/wp-content\\\/uploads\\\/2020\\\/04\\\/Love-birds-D-W_PeggyOSullivan-300x157.jpg\"},{\"@type\":\"BreadcrumbList\",\"@id\":\"https:\\\/\\\/www.glengarriffnaturereserve.ie\\\/ga\\\/stair-iolair-an-ghleanna-ghairbh\\\/#breadcrumb\",\"itemListElement\":[{\"@type\":\"ListItem\",\"position\":1,\"name\":\"Home\",\"item\":\"https:\\\/\\\/www.glengarriffnaturereserve.ie\\\/ga\\\/\"},{\"@type\":\"ListItem\",\"position\":2,\"name\":\"Stair Iolair an Ghleanna Ghairbh\"}]},{\"@type\":\"WebSite\",\"@id\":\"https:\\\/\\\/www.glengarriffnaturereserve.ie\\\/ga\\\/#website\",\"url\":\"https:\\\/\\\/www.glengarriffnaturereserve.ie\\\/ga\\\/\",\"name\":\"Anaclann D\u00falra an Ghleanna Ghairbh\",\"description\":\"\",\"potentialAction\":[{\"@type\":\"SearchAction\",\"target\":{\"@type\":\"EntryPoint\",\"urlTemplate\":\"https:\\\/\\\/www.glengarriffnaturereserve.ie\\\/ga\\\/?s={search_term_string}\"},\"query-input\":{\"@type\":\"PropertyValueSpecification\",\"valueRequired\":true,\"valueName\":\"search_term_string\"}}],\"inLanguage\":\"ga-IE\"}]}<\/script>\n<!-- \/ Yoast SEO plugin. -->","yoast_head_json":{"title":"Stair Iolair an Ghleanna Ghairbh - Anaclann D\u00falra an Ghleanna Ghairbh","robots":{"index":"index","follow":"follow","max-snippet":"max-snippet:-1","max-image-preview":"max-image-preview:large","max-video-preview":"max-video-preview:-1"},"canonical":"https:\/\/www.glengarriffnaturereserve.ie\/ga\/stair-iolair-an-ghleanna-ghairbh\/","og_locale":"ga_IE","og_type":"article","og_title":"Stair Iolair an Ghleanna Ghairbh - Anaclann D\u00falra an Ghleanna Ghairbh","og_description":"Ag deireadh mh\u00ed L\u00fanasa 2012, chonacthas p\u00e9ire iolar \u00f3g ar oile\u00e1n i gCuan an Ghleanna Ghairbh. Rinne an ch\u00e9ad ph\u00e9ire seo, Green D agus Blue J, a nead ag t\u00fas na bliana 2013, ach n\u00edor rug siad ubh. N\u00edorbh aon ionadh \u00e9, mar nach s\u00edolra\u00edonn iolair mhara go dt\u00ed go mbeidh siad 4 n\u00f3 5...","og_url":"https:\/\/www.glengarriffnaturereserve.ie\/ga\/stair-iolair-an-ghleanna-ghairbh\/","og_site_name":"Anaclann D\u00falra an Ghleanna Ghairbh","article_publisher":"https:\/\/www.facebook.com\/GlengarriffWoodsNatureReserve","og_image":[{"url":"https:\/\/www.glengarriffnaturereserve.ie\/wp-content\/uploads\/2020\/04\/Love-birds-D-W_PeggyOSullivan-300x157.jpg","type":"","width":"","height":""}],"twitter_card":"summary_large_image","twitter_site":"@GlengarriffWood","twitter_misc":{"Est. reading time":"3 minutes"},"schema":{"@context":"https:\/\/schema.org","@graph":[{"@type":"WebPage","@id":"https:\/\/www.glengarriffnaturereserve.ie\/ga\/stair-iolair-an-ghleanna-ghairbh\/","url":"https:\/\/www.glengarriffnaturereserve.ie\/ga\/stair-iolair-an-ghleanna-ghairbh\/","name":"Stair Iolair an Ghleanna Ghairbh - Anaclann D\u00falra an Ghleanna Ghairbh","isPartOf":{"@id":"https:\/\/www.glengarriffnaturereserve.ie\/ga\/#website"},"primaryImageOfPage":{"@id":"https:\/\/www.glengarriffnaturereserve.ie\/ga\/stair-iolair-an-ghleanna-ghairbh\/#primaryimage"},"image":{"@id":"https:\/\/www.glengarriffnaturereserve.ie\/ga\/stair-iolair-an-ghleanna-ghairbh\/#primaryimage"},"thumbnailUrl":"https:\/\/www.glengarriffnaturereserve.ie\/wp-content\/uploads\/2020\/04\/Love-birds-D-W_PeggyOSullivan-300x157.jpg","datePublished":"2020-04-09T11:45:42+00:00","breadcrumb":{"@id":"https:\/\/www.glengarriffnaturereserve.ie\/ga\/stair-iolair-an-ghleanna-ghairbh\/#breadcrumb"},"inLanguage":"ga-IE","potentialAction":[{"@type":"ReadAction","target":["https:\/\/www.glengarriffnaturereserve.ie\/ga\/stair-iolair-an-ghleanna-ghairbh\/"]}]},{"@type":"ImageObject","inLanguage":"ga-IE","@id":"https:\/\/www.glengarriffnaturereserve.ie\/ga\/stair-iolair-an-ghleanna-ghairbh\/#primaryimage","url":"https:\/\/www.glengarriffnaturereserve.ie\/wp-content\/uploads\/2020\/04\/Love-birds-D-W_PeggyOSullivan-300x157.jpg","contentUrl":"https:\/\/www.glengarriffnaturereserve.ie\/wp-content\/uploads\/2020\/04\/Love-birds-D-W_PeggyOSullivan-300x157.jpg"},{"@type":"BreadcrumbList","@id":"https:\/\/www.glengarriffnaturereserve.ie\/ga\/stair-iolair-an-ghleanna-ghairbh\/#breadcrumb","itemListElement":[{"@type":"ListItem","position":1,"name":"Home","item":"https:\/\/www.glengarriffnaturereserve.ie\/ga\/"},{"@type":"ListItem","position":2,"name":"Stair Iolair an Ghleanna Ghairbh"}]},{"@type":"WebSite","@id":"https:\/\/www.glengarriffnaturereserve.ie\/ga\/#website","url":"https:\/\/www.glengarriffnaturereserve.ie\/ga\/","name":"Anaclann D\u00falra an Ghleanna Ghairbh","description":"","potentialAction":[{"@type":"SearchAction","target":{"@type":"EntryPoint","urlTemplate":"https:\/\/www.glengarriffnaturereserve.ie\/ga\/?s={search_term_string}"},"query-input":{"@type":"PropertyValueSpecification","valueRequired":true,"valueName":"search_term_string"}}],"inLanguage":"ga-IE"}]}},"_links":{"self":[{"href":"https:\/\/www.glengarriffnaturereserve.ie\/ga\/wp-json\/wp\/v2\/pages\/475","targetHints":{"allow":["GET"]}}],"collection":[{"href":"https:\/\/www.glengarriffnaturereserve.ie\/ga\/wp-json\/wp\/v2\/pages"}],"about":[{"href":"https:\/\/www.glengarriffnaturereserve.ie\/ga\/wp-json\/wp\/v2\/types\/page"}],"author":[{"embeddable":true,"href":"https:\/\/www.glengarriffnaturereserve.ie\/ga\/wp-json\/wp\/v2\/users\/5"}],"replies":[{"embeddable":true,"href":"https:\/\/www.glengarriffnaturereserve.ie\/ga\/wp-json\/wp\/v2\/comments?post=475"}],"version-history":[{"count":0,"href":"https:\/\/www.glengarriffnaturereserve.ie\/ga\/wp-json\/wp\/v2\/pages\/475\/revisions"}],"wp:attachment":[{"href":"https:\/\/www.glengarriffnaturereserve.ie\/ga\/wp-json\/wp\/v2\/media?parent=475"}],"curies":[{"name":"wp","href":"https:\/\/api.w.org\/{rel}","templated":true}]}}