{"id":487,"date":"2022-08-10T09:04:38","date_gmt":"2022-08-10T09:04:38","guid":{"rendered":"https:\/\/www.glengarriffnaturereserve.ie\/white-tailed-eagle-report-form\/"},"modified":"2026-01-21T17:08:10","modified_gmt":"2026-01-21T17:08:10","slug":"white-tailed-eagle-report-form","status":"publish","type":"page","link":"https:\/\/www.glengarriffnaturereserve.ie\/ga\/white-tailed-eagle-report-form\/","title":{"rendered":"Foirm Tuairiscithe Iolar Mara"},"content":{"rendered":"<p><strong>M\u00e1 t\u00e1 an tIolar Mara feicthe agat in \u00c9irinn, seol mionsonra\u00ed chugainn tr\u00edd an bhfoirm seo a chomhl\u00e1n\u00fa le do thoil, agus cuir nasc chuig grianghraf isteach m\u00e1 t\u00e1 ceann agat.<\/strong><\/p>\n<p>Tabhair ar Aird: D\u2019fh\u00e9adfadh s\u00e9 go mbeadh faisn\u00e9is maidir leis na su\u00edomhanna ina raibh na n-\u00e9an \u00edogair agus n\u00ed roinnfimid faisn\u00e9is maidir leis na h\u00e9in a chonacthas gan cead a fh\u00e1il uait. L\u00e9igh an <a href=\"https:\/\/www.glengarriffnaturereserve.ie\/wp-content\/uploads\/2026\/01\/White-Tailed-Eagle-Report-Form-Privacy-Statement-V1.1.pdf\" target=\"_blank\" rel=\"noopener\">Polasa\u00ed Pr\u00edobh\u00e1ideachais<\/a> at\u00e1 againn.<\/p>\n\n<div class=\"wpcf7 no-js\" id=\"wpcf7-f499-o1\" lang=\"ga-IE\" dir=\"ltr\" data-wpcf7-id=\"499\">\n<div class=\"screen-reader-response\"><p role=\"status\" aria-live=\"polite\" aria-atomic=\"true\"><\/p> <ul><\/ul><\/div>\n<form action=\"\/ga\/wp-json\/wp\/v2\/pages\/487#wpcf7-f499-o1\" method=\"post\" class=\"wpcf7-form init\" aria-label=\"Contact form\" novalidate=\"novalidate\" data-status=\"init\">\n<fieldset class=\"hidden-fields-container\"><input type=\"hidden\" name=\"_wpcf7\" value=\"499\" \/><input type=\"hidden\" name=\"_wpcf7_version\" value=\"6.1.5\" \/><input type=\"hidden\" name=\"_wpcf7_locale\" value=\"ga_IE\" \/><input type=\"hidden\" name=\"_wpcf7_unit_tag\" value=\"wpcf7-f499-o1\" \/><input type=\"hidden\" name=\"_wpcf7_container_post\" value=\"0\" \/><input type=\"hidden\" name=\"_wpcf7_posted_data_hash\" value=\"\" \/><input type=\"hidden\" name=\"_wpcf7_recaptcha_response\" value=\"\" \/>\n<\/fieldset>\n<fieldset>\n\t<legend>Sonra\u00ed an Bhreathn\u00f3ra\n\t<\/legend>\n\t<p><label>Ainm *<br \/>\n<span class=\"wpcf7-form-control-wrap\" data-name=\"observer-name\"><input size=\"40\" maxlength=\"90\" minlength=\"3\" class=\"wpcf7-form-control wpcf7-text wpcf7-validates-as-required\" aria-required=\"true\" aria-invalid=\"false\" value=\"\" type=\"text\" name=\"observer-name\" \/><\/span> <\/label>\n\t<\/p>\n\t<p><label>R\u00edomhphost *<br \/>\n<span class=\"wpcf7-form-control-wrap\" data-name=\"observer-email\"><input size=\"40\" maxlength=\"400\" class=\"wpcf7-form-control wpcf7-email wpcf7-validates-as-required wpcf7-text wpcf7-validates-as-email\" aria-required=\"true\" aria-invalid=\"false\" value=\"\" type=\"email\" name=\"observer-email\" \/><\/span> <\/label>\n\t<\/p>\n<\/fieldset>\n<fieldset>\n\t<legend>An Su\u00edomh a bhfaca t\u00fa an t\u00c9an ann\n\t<\/legend>\n\t<p><label>Contae *<br \/>\n<span class=\"wpcf7-form-control-wrap\" data-name=\"location-county\"><select class=\"wpcf7-form-control wpcf7-select wpcf7-validates-as-required\" aria-required=\"true\" aria-invalid=\"false\" name=\"location-county\"><option value=\"Ceatharlach\">Ceatharlach<\/option><option value=\"An Cabh\u00e1n\">An Cabh\u00e1n<\/option><option value=\"An Cl\u00e1r\">An Cl\u00e1r<\/option><option value=\"Corcaigh\">Corcaigh<\/option><option value=\"D\u00fan na nGall\">D\u00fan na nGall<\/option><option value=\"Baile \u00c1tha Cliath\">Baile \u00c1tha Cliath<\/option><option value=\"Gaillimh\">Gaillimh<\/option><option value=\"Ciarra\u00ed\">Ciarra\u00ed<\/option><option value=\"Cill Dara\">Cill Dara<\/option><option value=\"Cill Chainnigh\">Cill Chainnigh<\/option><option value=\"Laois\">Laois<\/option><option value=\"Liatroim\">Liatroim<\/option><option value=\"An Longfort\">An Longfort<\/option><option value=\"Longford\">Longford<\/option><option value=\"L\u00fa\">L\u00fa<\/option><option value=\"Maigh Eo\">Maigh Eo<\/option><option value=\"An Mh\u00ed\">An Mh\u00ed<\/option><option value=\"Muineach\u00e1n\">Muineach\u00e1n<\/option><option value=\"U\u00edbh Fhail\u00ed\">U\u00edbh Fhail\u00ed<\/option><option value=\"Ros Com\u00e1in\">Ros Com\u00e1in<\/option><option value=\"Sligeach\">Sligeach<\/option><option value=\"Tiobraid \u00c1rann\">Tiobraid \u00c1rann<\/option><option value=\"Port L\u00e1irge\">Port L\u00e1irge<\/option><option value=\"An Iarmh\u00ed\">An Iarmh\u00ed<\/option><option value=\"Loch Garman\">Loch Garman<\/option><option value=\"Cill Mhant\u00e1in\">Cill Mhant\u00e1in<\/option><\/select><\/span><\/label>\n\t<\/p>\n\t<p><label>An Baile n\u00f3 an Sr\u00e1idbhaile is gaire *<br \/>\n<span class=\"wpcf7-form-control-wrap\" data-name=\"location-town\"><input size=\"40\" maxlength=\"90\" minlength=\"2\" class=\"wpcf7-form-control wpcf7-text wpcf7-validates-as-required\" aria-required=\"true\" aria-invalid=\"false\" value=\"\" type=\"text\" name=\"location-town\" \/><\/span> <\/label>\n\t<\/p>\n\t<p><label>Tagairt Eanga\u00ed<br \/>\n<span class=\"wpcf7-form-control-wrap\" data-name=\"grid-reference\"><input size=\"40\" maxlength=\"30\" minlength=\"1\" class=\"wpcf7-form-control wpcf7-text\" aria-invalid=\"false\" value=\"\" type=\"text\" name=\"grid-reference\" \/><\/span> <\/label>\n\t<\/p>\n\t<p style=\"text-indent: 8px;\">Chun an tagairt eanga\u00ed a aimsi\u00fa \u00fas\u00e1id: <a href=\"https:\/\/irish.gridreferencefinder.com\/\" target=\"_blank\">Aimsitheoir Tagartha Eanga\u00ed<\/a> (Deaschlice\u00e1il ar an su\u00edomh agus c\u00f3ipe\u00e1il an tagairt eanga\u00ed isteach san fhoirm seo.\n\t<\/p>\n<\/fieldset>\n<fieldset>\n\t<legend>An Uair a chonacthas \u00e9 *\n\t<\/legend>\n\t<p><label>D\u00e1ta<br \/>\n<span class=\"wpcf7-form-control-wrap\" data-name=\"date-sighted\"><input class=\"wpcf7-form-control wpcf7-date wpcf7-validates-as-required wpcf7-validates-as-date\" max=\"2026-04-20\" aria-required=\"true\" aria-invalid=\"false\" value=\"\" type=\"date\" name=\"date-sighted\" \/><\/span> <\/label>\n\t<\/p>\n\t<p><label>Am *<\/label><br \/>\n<label> UU: <span class=\"wpcf7-form-control-wrap\" data-name=\"time-sighted-hour\"><input class=\"wpcf7-form-control wpcf7-number wpcf7-validates-as-required wpcf7-validates-as-number\" min=\"0\" max=\"24\" aria-required=\"true\" aria-invalid=\"false\" value=\"\" type=\"number\" name=\"time-sighted-hour\" \/><\/span> <\/label><label> NN: <span class=\"wpcf7-form-control-wrap\" data-name=\"time-sighted-minute\"><input class=\"wpcf7-form-control wpcf7-number wpcf7-validates-as-required wpcf7-validates-as-number\" min=\"0\" max=\"59\" aria-required=\"true\" aria-invalid=\"false\" value=\"\" type=\"number\" name=\"time-sighted-minute\" \/><\/span> <\/label>\n\t<\/p>\n<\/fieldset>\n<fieldset>\n\t<legend>Maidir leis an \u00e9an\n\t<\/legend>\n\t<p><label>An raibh an t-\u00e9an f\u00e1sta (eireaball ioml\u00e1n b\u00e1n aige) n\u00f3 \u00f3g (d\u00fadhonn den chuid is m\u00f3, gan eireaball b\u00e1n a bheith air)? *<br \/>\n<span class=\"wpcf7-form-control-wrap\" data-name=\"adult-juvenile\"><select class=\"wpcf7-form-control wpcf7-select wpcf7-validates-as-required\" aria-required=\"true\" aria-invalid=\"false\" name=\"adult-juvenile\"><option value=\"\u00c9an F\u00e1sta\">\u00c9an F\u00e1sta<\/option><option value=\"\u00c9an \u00d3g\">\u00c9an \u00d3g<\/option><option value=\"N\u00edl m\u00e9 cinnte\">N\u00edl m\u00e9 cinnte<\/option><\/select><\/span><\/label>\n\t<\/p>\n\t<p><label>An raibh aon Chlib le Feice\u00e1il ar Sciath\u00e1in an \u00c9in? *<br \/>\n<span class=\"wpcf7-form-control-wrap\" data-name=\"wing-tags\"><select class=\"wpcf7-form-control wpcf7-select wpcf7-validates-as-required\" aria-required=\"true\" aria-invalid=\"false\" name=\"wing-tags\"><option value=\"Bh\u00ed\">Bh\u00ed<\/option><option value=\"N\u00ed raibh\">N\u00ed raibh<\/option><option value=\"N\u00edl m\u00e9 cinnte\">N\u00edl m\u00e9 cinnte<\/option><\/select><\/span><\/label>\n\t<\/p>\n\t<p><label>M\u00e1s rud \u00e9 go raibh clib le feice\u00e1il ar sciath\u00e1n an \u00e9in, tabhair tuilleadh sonra\u00ed le do thoil - e.g. c\u00e9n sciath\u00e1(i)n a bh\u00ed i gceist, dath na clibe\/na gclibeanna, an tsiombail, an litir n\u00f3 an uimhir a bh\u00ed ar an gclib. Tabhair ar Aird: T\u00e1 clibeanna de dhathanna \u00e9ags\u00fala ag gach ceann d\u2019Iolair Mhara na h\u00c9ireann ar a sciath\u00e1in chl\u00e9 agus dheas.<br \/>\n<span class=\"wpcf7-form-control-wrap\" data-name=\"wing-tag-details\"><textarea cols=\"40\" rows=\"10\" maxlength=\"256\" class=\"wpcf7-form-control wpcf7-textarea\" aria-invalid=\"false\" name=\"wing-tag-details\"><\/textarea><\/span> <\/label>\n\t<\/p>\n\t<p><label>An raibh aon fh\u00e1inne le feice\u00e1il ar na cosa? T\u00e1 f\u00e1inn\u00ed de dhath dubh a bhfuil litreacha\/uimhreacha orthu ar chuid de na h\u00e9in. *<br \/>\n<span class=\"wpcf7-form-control-wrap\" data-name=\"leg-rings\"><select class=\"wpcf7-form-control wpcf7-select wpcf7-validates-as-required\" aria-required=\"true\" aria-invalid=\"false\" name=\"leg-rings\"><option value=\"Bh\u00ed\">Bh\u00ed<\/option><option value=\"N\u00ed raibh\">N\u00ed raibh<\/option><option value=\"N\u00edl m\u00e9 cinnte\">N\u00edl m\u00e9 cinnte<\/option><\/select><\/span><\/label>\n\t<\/p>\n\t<p><label>M\u00e1 t\u00e1 aon \u00edomh\u00e1 agat post\u00e1il an URL den \u00e1it ar f\u00e9idir linn iad a aimsi\u00fa.<br \/>\n<span class=\"wpcf7-form-control-wrap\" data-name=\"url-images\"><input size=\"40\" maxlength=\"400\" class=\"wpcf7-form-control wpcf7-url wpcf7-text wpcf7-validates-as-url\" aria-invalid=\"false\" value=\"\" type=\"url\" name=\"url-images\" \/><\/span> <\/label>\n\t<\/p>\n\t<p><label>Tabhair aon fhaisn\u00e9is bhreise a cheapann t\u00fa is \u00e1bhartha e.g. m\u00e9id, dath na cluimhr\u00ed, iompar, etc.<br \/>\n<span class=\"wpcf7-form-control-wrap\" data-name=\"additional-information\"><textarea cols=\"40\" rows=\"10\" maxlength=\"256\" class=\"wpcf7-form-control wpcf7-textarea\" aria-invalid=\"false\" name=\"additional-information\"><\/textarea><\/span> <\/label>\n\t<\/p>\n<\/fieldset>\n<p>* Eolas riachtanach.\n<\/p>\n<p><input class=\"wpcf7-form-control wpcf7-submit has-spinner\" type=\"submit\" value=\"Cuir ar Aghaidh\" \/>\n<\/p><div class=\"wpcf7-response-output\" aria-hidden=\"true\"><\/div>\n<\/form>\n<\/div>\n\n<p>M\u00e1 t\u00e1 aon fhadhb agat leis an bhfoirm, <a href=\"Clare.Heardman@npws.gov.ie\">seol r\u00edomhphost<\/a> chugainn maidir leis an \u00e9an at\u00e1 feicthe agat.<\/p>\n","protected":false},"excerpt":{"rendered":"<p>M\u00e1 t\u00e1 an tIolar Mara feicthe agat in \u00c9irinn, seol mionsonra\u00ed chugainn tr\u00edd an bhfoirm seo a chomhl\u00e1n\u00fa le do thoil, agus cuir nasc chuig grianghraf isteach m\u00e1 t\u00e1 ceann agat. Tabhair ar Aird: D\u2019fh\u00e9adfadh s\u00e9 go mbeadh faisn\u00e9is maidir leis na su\u00edomhanna ina raibh na n-\u00e9an \u00edogair agus n\u00ed roinnfimid faisn\u00e9is maidir leis na&#8230; <\/p>\n","protected":false},"author":6,"featured_media":0,"parent":0,"menu_order":0,"comment_status":"closed","ping_status":"closed","template":"no-sidebar.php","meta":{"footnotes":""},"class_list":["post-487","page","type-page","status-publish","hentry"],"yoast_head":"<!-- This site is optimized with the Yoast SEO plugin v27.3 - https:\/\/yoast.com\/product\/yoast-seo-wordpress\/ -->\n<title>Foirm Tuairiscithe Iolar Mara - Anaclann D\u00falra an Ghleanna Ghairbh<\/title>\n<meta name=\"robots\" content=\"index, follow, max-snippet:-1, max-image-preview:large, max-video-preview:-1\" \/>\n<link rel=\"canonical\" href=\"https:\/\/www.glengarriffnaturereserve.ie\/ga\/white-tailed-eagle-report-form\/\" \/>\n<meta property=\"og:locale\" content=\"ga_IE\" \/>\n<meta property=\"og:type\" content=\"article\" \/>\n<meta property=\"og:title\" content=\"Foirm Tuairiscithe Iolar Mara - Anaclann D\u00falra an Ghleanna Ghairbh\" \/>\n<meta property=\"og:description\" content=\"M\u00e1 t\u00e1 an tIolar Mara feicthe agat in \u00c9irinn, seol mionsonra\u00ed chugainn tr\u00edd an bhfoirm seo a chomhl\u00e1n\u00fa le do thoil, agus cuir nasc chuig grianghraf isteach m\u00e1 t\u00e1 ceann agat. Tabhair ar Aird: D\u2019fh\u00e9adfadh s\u00e9 go mbeadh faisn\u00e9is maidir leis na su\u00edomhanna ina raibh na n-\u00e9an \u00edogair agus n\u00ed roinnfimid faisn\u00e9is maidir leis na...\" \/>\n<meta property=\"og:url\" content=\"https:\/\/www.glengarriffnaturereserve.ie\/ga\/white-tailed-eagle-report-form\/\" \/>\n<meta property=\"og:site_name\" content=\"Anaclann D\u00falra an Ghleanna Ghairbh\" \/>\n<meta property=\"article:publisher\" content=\"https:\/\/www.facebook.com\/GlengarriffWoodsNatureReserve\" \/>\n<meta property=\"article:modified_time\" content=\"2026-01-21T17:08:10+00:00\" \/>\n<meta name=\"twitter:card\" content=\"summary_large_image\" \/>\n<meta name=\"twitter:site\" content=\"@GlengarriffWood\" \/>\n<meta name=\"twitter:label1\" content=\"Est. reading time\" \/>\n\t<meta name=\"twitter:data1\" content=\"1 minute\" \/>\n<script type=\"application\/ld+json\" class=\"yoast-schema-graph\">{\"@context\":\"https:\\\/\\\/schema.org\",\"@graph\":[{\"@type\":\"WebPage\",\"@id\":\"https:\\\/\\\/www.glengarriffnaturereserve.ie\\\/ga\\\/white-tailed-eagle-report-form\\\/\",\"url\":\"https:\\\/\\\/www.glengarriffnaturereserve.ie\\\/ga\\\/white-tailed-eagle-report-form\\\/\",\"name\":\"Foirm Tuairiscithe Iolar Mara - Anaclann D\u00falra an Ghleanna Ghairbh\",\"isPartOf\":{\"@id\":\"https:\\\/\\\/www.glengarriffnaturereserve.ie\\\/ga\\\/#website\"},\"datePublished\":\"2022-08-10T09:04:38+00:00\",\"dateModified\":\"2026-01-21T17:08:10+00:00\",\"breadcrumb\":{\"@id\":\"https:\\\/\\\/www.glengarriffnaturereserve.ie\\\/ga\\\/white-tailed-eagle-report-form\\\/#breadcrumb\"},\"inLanguage\":\"ga-IE\",\"potentialAction\":[{\"@type\":\"ReadAction\",\"target\":[\"https:\\\/\\\/www.glengarriffnaturereserve.ie\\\/ga\\\/white-tailed-eagle-report-form\\\/\"]}]},{\"@type\":\"BreadcrumbList\",\"@id\":\"https:\\\/\\\/www.glengarriffnaturereserve.ie\\\/ga\\\/white-tailed-eagle-report-form\\\/#breadcrumb\",\"itemListElement\":[{\"@type\":\"ListItem\",\"position\":1,\"name\":\"Home\",\"item\":\"https:\\\/\\\/www.glengarriffnaturereserve.ie\\\/ga\\\/\"},{\"@type\":\"ListItem\",\"position\":2,\"name\":\"Foirm Tuairiscithe Iolar Mara\"}]},{\"@type\":\"WebSite\",\"@id\":\"https:\\\/\\\/www.glengarriffnaturereserve.ie\\\/ga\\\/#website\",\"url\":\"https:\\\/\\\/www.glengarriffnaturereserve.ie\\\/ga\\\/\",\"name\":\"Anaclann D\u00falra an Ghleanna Ghairbh\",\"description\":\"\",\"potentialAction\":[{\"@type\":\"SearchAction\",\"target\":{\"@type\":\"EntryPoint\",\"urlTemplate\":\"https:\\\/\\\/www.glengarriffnaturereserve.ie\\\/ga\\\/?s={search_term_string}\"},\"query-input\":{\"@type\":\"PropertyValueSpecification\",\"valueRequired\":true,\"valueName\":\"search_term_string\"}}],\"inLanguage\":\"ga-IE\"}]}<\/script>\n<!-- \/ Yoast SEO plugin. -->","yoast_head_json":{"title":"Foirm Tuairiscithe Iolar Mara - Anaclann D\u00falra an Ghleanna Ghairbh","robots":{"index":"index","follow":"follow","max-snippet":"max-snippet:-1","max-image-preview":"max-image-preview:large","max-video-preview":"max-video-preview:-1"},"canonical":"https:\/\/www.glengarriffnaturereserve.ie\/ga\/white-tailed-eagle-report-form\/","og_locale":"ga_IE","og_type":"article","og_title":"Foirm Tuairiscithe Iolar Mara - Anaclann D\u00falra an Ghleanna Ghairbh","og_description":"M\u00e1 t\u00e1 an tIolar Mara feicthe agat in \u00c9irinn, seol mionsonra\u00ed chugainn tr\u00edd an bhfoirm seo a chomhl\u00e1n\u00fa le do thoil, agus cuir nasc chuig grianghraf isteach m\u00e1 t\u00e1 ceann agat. Tabhair ar Aird: D\u2019fh\u00e9adfadh s\u00e9 go mbeadh faisn\u00e9is maidir leis na su\u00edomhanna ina raibh na n-\u00e9an \u00edogair agus n\u00ed roinnfimid faisn\u00e9is maidir leis na...","og_url":"https:\/\/www.glengarriffnaturereserve.ie\/ga\/white-tailed-eagle-report-form\/","og_site_name":"Anaclann D\u00falra an Ghleanna Ghairbh","article_publisher":"https:\/\/www.facebook.com\/GlengarriffWoodsNatureReserve","article_modified_time":"2026-01-21T17:08:10+00:00","twitter_card":"summary_large_image","twitter_site":"@GlengarriffWood","twitter_misc":{"Est. reading time":"1 minute"},"schema":{"@context":"https:\/\/schema.org","@graph":[{"@type":"WebPage","@id":"https:\/\/www.glengarriffnaturereserve.ie\/ga\/white-tailed-eagle-report-form\/","url":"https:\/\/www.glengarriffnaturereserve.ie\/ga\/white-tailed-eagle-report-form\/","name":"Foirm Tuairiscithe Iolar Mara - Anaclann D\u00falra an Ghleanna Ghairbh","isPartOf":{"@id":"https:\/\/www.glengarriffnaturereserve.ie\/ga\/#website"},"datePublished":"2022-08-10T09:04:38+00:00","dateModified":"2026-01-21T17:08:10+00:00","breadcrumb":{"@id":"https:\/\/www.glengarriffnaturereserve.ie\/ga\/white-tailed-eagle-report-form\/#breadcrumb"},"inLanguage":"ga-IE","potentialAction":[{"@type":"ReadAction","target":["https:\/\/www.glengarriffnaturereserve.ie\/ga\/white-tailed-eagle-report-form\/"]}]},{"@type":"BreadcrumbList","@id":"https:\/\/www.glengarriffnaturereserve.ie\/ga\/white-tailed-eagle-report-form\/#breadcrumb","itemListElement":[{"@type":"ListItem","position":1,"name":"Home","item":"https:\/\/www.glengarriffnaturereserve.ie\/ga\/"},{"@type":"ListItem","position":2,"name":"Foirm Tuairiscithe Iolar Mara"}]},{"@type":"WebSite","@id":"https:\/\/www.glengarriffnaturereserve.ie\/ga\/#website","url":"https:\/\/www.glengarriffnaturereserve.ie\/ga\/","name":"Anaclann D\u00falra an Ghleanna Ghairbh","description":"","potentialAction":[{"@type":"SearchAction","target":{"@type":"EntryPoint","urlTemplate":"https:\/\/www.glengarriffnaturereserve.ie\/ga\/?s={search_term_string}"},"query-input":{"@type":"PropertyValueSpecification","valueRequired":true,"valueName":"search_term_string"}}],"inLanguage":"ga-IE"}]}},"_links":{"self":[{"href":"https:\/\/www.glengarriffnaturereserve.ie\/ga\/wp-json\/wp\/v2\/pages\/487","targetHints":{"allow":["GET"]}}],"collection":[{"href":"https:\/\/www.glengarriffnaturereserve.ie\/ga\/wp-json\/wp\/v2\/pages"}],"about":[{"href":"https:\/\/www.glengarriffnaturereserve.ie\/ga\/wp-json\/wp\/v2\/types\/page"}],"author":[{"embeddable":true,"href":"https:\/\/www.glengarriffnaturereserve.ie\/ga\/wp-json\/wp\/v2\/users\/6"}],"replies":[{"embeddable":true,"href":"https:\/\/www.glengarriffnaturereserve.ie\/ga\/wp-json\/wp\/v2\/comments?post=487"}],"version-history":[{"count":3,"href":"https:\/\/www.glengarriffnaturereserve.ie\/ga\/wp-json\/wp\/v2\/pages\/487\/revisions"}],"predecessor-version":[{"id":901,"href":"https:\/\/www.glengarriffnaturereserve.ie\/ga\/wp-json\/wp\/v2\/pages\/487\/revisions\/901"}],"wp:attachment":[{"href":"https:\/\/www.glengarriffnaturereserve.ie\/ga\/wp-json\/wp\/v2\/media?parent=487"}],"curies":[{"name":"wp","href":"https:\/\/api.w.org\/{rel}","templated":true}]}}